{"id":6388,"date":"2020-05-19T10:52:50","date_gmt":"2020-05-19T10:52:50","guid":{"rendered":"https:\/\/www.macroengineit.com\/hr\/?page_id=6388"},"modified":"2021-02-04T10:32:03","modified_gmt":"2021-02-04T10:32:03","slug":"blog","status":"publish","type":"page","link":"https:\/\/www.macroengineit.com\/hr\/blog","title":{"rendered":"Blog"},"content":{"rendered":"<p>[vc_row full_width=&#8221;fullwidth&#8221; techland_align_items=&#8221;&#8221; techland_lg_align_items=&#8221;&#8221; techland_md_align_items=&#8221;&#8221; techland_sm_align_items=&#8221;&#8221;][vc_column]<div id=\"hero\" class=\"hero breadcrumb-section jarallax text-center\" data-img-src=\"https:\/\/www.macroengineit.com\/hr\/wp-content\/uploads\/2019\/05\/1-1.jpg\" data-res-css=\"\"><div class=\"container\"><h1 class=\"hero__title\"><span>Blog<\/span><\/h1><\/div><\/div>[\/vc_column][\/vc_row][vc_row full_width=&#8221;stretch&#8221; techland_align_items=&#8221;&#8221; techland_lg_align_items=&#8221;&#8221; techland_md_align_items=&#8221;&#8221; techland_sm_align_items=&#8221;&#8221; spacing_toggle=&#8221;yes&#8221; techland_prepadtop=&#8221;pt-0&#8243; techland_prepadbot=&#8221;section&#8221; css=&#8221;.vc_custom_1589885601721{margin-top: 100px !important;}&#8221;][vc_column]<div class=\"section-heading  section-heading--dark \"><h6 class=\"__subtitle\">Blog i vijesti<\/h6><h2 class=\"__title\">Macro Engine IT<span> \u2014 Blog<\/span><\/h2><\/div><div class=\"spacer py-6\"><\/div><div class=\"posts posts--s3\"><div class=\"__inner\"><div class=\"row\"><div class=\"col-12 col-sm-6 col-lg-4 col-xl-3 nt-post  post-968 post type-post status-publish format-standard has-post-thumbnail hentry category-it-cyber-sigurnost tag-cyber-sigurnost tag-ddos-napadi tag-ddos-zastita tag-ublazavanje-ddosa nt-default-format-box  nt-post-class \"><div class=\"__item __item--preview __item--rounded __item--shadow\"><div class=\"__header\"><figure class=\"__image __image--rounded\"><a href=\"https:\/\/www.macroengineit.com\/hr\/ddos-zastita-nikada-nije-bila-vaznija\"><img src=\"https:\/\/www.macroengineit.com\/hr\/wp-content\/uploads\/2019\/05\/ddos-protection-importance.jpg\" alt=\"Va\u017enost DDoS za\u0161tite\"><\/a><\/figure><\/div><div class=\"__body\"><div class=\"__content\"><div class=\"post-meta\"><span class=\"post-meta__item __date-post\">05\/12\/2020<\/span><\/div><h4 class=\"__title\"><a href=\"https:\/\/www.macroengineit.com\/hr\/ddos-zastita-nikada-nije-bila-vaznija\" title=\"DDoS za\u0161tita nikada nije bila va\u017enija\">DDoS za\u0161tita nikada nije bila va\u017enija<\/a><\/h4><\/div><\/div><\/div><\/div><div class=\"col-12 col-sm-6 col-lg-4 col-xl-3 nt-post  post-974 post type-post status-publish format-standard has-post-thumbnail hentry category-it-cyber-sigurnost tag-cyber-sigurnost tag-zastita tag-zlonamjerni-softver nt-default-format-box  nt-post-class \"><div class=\"__item __item--preview __item--rounded __item--shadow\"><div class=\"__header\"><figure class=\"__image __image--rounded\"><a href=\"https:\/\/www.macroengineit.com\/hr\/napredna-zastita-od-zlonamjernog-softvera\"><img src=\"https:\/\/www.macroengineit.com\/hr\/wp-content\/uploads\/2019\/05\/blog-advanced-malware-protection.jpg\" alt=\"Napredna za\u0161tita od zlonamjernog softvera (blog)\"><\/a><\/figure><\/div><div class=\"__body\"><div class=\"__content\"><div class=\"post-meta\"><span class=\"post-meta__item __date-post\">14\/11\/2020<\/span><\/div><h4 class=\"__title\"><a href=\"https:\/\/www.macroengineit.com\/hr\/napredna-zastita-od-zlonamjernog-softvera\" title=\"Napredna za\u0161tita od zlonamjernog softvera u rje\u0161enju zasnovanom na oblaku\">Napredna za\u0161tita od zlonamjernog softvera u rje\u0161enju zasnovanom na oblaku<\/a><\/h4><\/div><\/div><\/div><\/div><div class=\"col-12 col-sm-6 col-lg-4 col-xl-3 nt-post  post-6536 post type-post status-publish format-standard has-post-thumbnail hentry category-it-cyber-sigurnost tag-cyber-sigurnost tag-sigurnost-u-oblaku nt-default-format-box  nt-post-class \"><div class=\"__item __item--preview __item--rounded __item--shadow\"><div class=\"__header\"><figure class=\"__image __image--rounded\"><a href=\"https:\/\/www.macroengineit.com\/hr\/put-do-sigurnosti-u-oblaku\"><img src=\"https:\/\/www.macroengineit.com\/hr\/wp-content\/uploads\/2020\/11\/path-to-cloud-security.jpg\" alt=\"Put do sigurnosti u oblaku\"><\/a><\/figure><\/div><div class=\"__body\"><div class=\"__content\"><div class=\"post-meta\"><span class=\"post-meta__item __date-post\">10\/10\/2020<\/span><\/div><h4 class=\"__title\"><a href=\"https:\/\/www.macroengineit.com\/hr\/put-do-sigurnosti-u-oblaku\" title=\"Put do sigurnosti u oblaku: kako mo\u017eemo pomo\u0107i?\">Put do sigurnosti u oblaku: kako mo\u017eemo pomo\u0107i?<\/a><\/h4><\/div><\/div><\/div><\/div><div class=\"col-12 col-sm-6 col-lg-4 col-xl-3 nt-post  post-965 post type-post status-publish format-standard has-post-thumbnail hentry category-it-cyber-sigurnost tag-cyber-sigurnost tag-zastita nt-default-format-box  nt-post-class \"><div class=\"__item __item--preview __item--rounded __item--shadow\"><div class=\"__header\"><figure class=\"__image __image--rounded\"><a href=\"https:\/\/www.macroengineit.com\/hr\/kako-se-bavimo-cyber-sigurnoscu\"><img src=\"https:\/\/www.macroengineit.com\/hr\/wp-content\/uploads\/2019\/05\/dealing-with-cyber-security.jpg\" alt=\"Suo\u010davanje s cyber sigurno\u0161\u0107u\"><\/a><\/figure><\/div><div class=\"__body\"><div class=\"__content\"><div class=\"post-meta\"><span class=\"post-meta__item __date-post\">20\/09\/2020<\/span><\/div><h4 class=\"__title\"><a href=\"https:\/\/www.macroengineit.com\/hr\/kako-se-bavimo-cyber-sigurnoscu\" title=\"Kako se bavimo cyber sigurno\u0161\u0107u?\">Kako se bavimo cyber sigurno\u0161\u0107u?<\/a><\/h4><\/div><\/div><\/div><\/div><\/div><\/div><\/div>[\/vc_column][\/vc_row]<\/p>\n","protected":false},"excerpt":{"rendered":"<p>[vc_row full_width=&#8221;fullwidth&#8221; techland_align_items=&#8221;&#8221; techland_lg_align_items=&#8221;&#8221; techland_md_align_items=&#8221;&#8221; techland_sm_align_items=&#8221;&#8221;][vc_column][\/vc_column][\/vc_row][vc_row full_width=&#8221;stretch&#8221; techland_align_items=&#8221;&#8221; techland_lg_align_items=&#8221;&#8221; techland_md_align_items=&#8221;&#8221; techland_sm_align_items=&#8221;&#8221; spacing_toggle=&#8221;yes&#8221; techland_prepadtop=&#8221;pt-0&#8243; techland_prepadbot=&#8221;section&#8221; css=&#8221;.vc_custom_1589885601721{margin-top: 100px !important;}&#8221;][vc_column][\/vc_column][\/vc_row]<\/p>\n","protected":false},"author":1,"featured_media":0,"parent":0,"menu_order":0,"comment_status":"closed","ping_status":"closed","template":"custom-page.php","meta":[],"yoast_head":"<!-- This site is optimized with the Yoast SEO plugin v15.8 - https:\/\/yoast.com\/wordpress\/plugins\/seo\/ -->\n<title>Blog - Macro Engine IT<\/title>\n<meta name=\"robots\" content=\"noindex, follow, max-snippet:-1, max-image-preview:large, max-video-preview:-1\" \/>\n<meta property=\"og:locale\" content=\"hr_HR\" \/>\n<meta property=\"og:type\" content=\"article\" \/>\n<meta property=\"og:title\" content=\"Blog - Macro Engine IT\" \/>\n<meta property=\"og:description\" content=\"[vc_row full_width=&#8221;fullwidth&#8221; techland_align_items=&#8221;&#8221; techland_lg_align_items=&#8221;&#8221; techland_md_align_items=&#8221;&#8221; techland_sm_align_items=&#8221;&#8221;][vc_column][\/vc_column][\/vc_row][vc_row full_width=&#8221;stretch&#8221; techland_align_items=&#8221;&#8221; techland_lg_align_items=&#8221;&#8221; techland_md_align_items=&#8221;&#8221; techland_sm_align_items=&#8221;&#8221; spacing_toggle=&#8221;yes&#8221; techland_prepadtop=&#8221;pt-0&#8243; techland_prepadbot=&#8221;section&#8221; css=&#8221;.vc_custom_1589885601721{margin-top: 100px !important;}&#8221;][vc_column][\/vc_column][\/vc_row]\" \/>\n<meta property=\"og:url\" content=\"https:\/\/www.macroengineit.com\/hr\/blog\" \/>\n<meta property=\"og:site_name\" content=\"Macro Engine IT\" \/>\n<meta property=\"article:modified_time\" content=\"2021-02-04T10:32:03+00:00\" \/>\n<meta name=\"twitter:card\" content=\"summary_large_image\" \/>\n<meta name=\"twitter:label1\" content=\"Procijenjeno vrijeme \u010ditanja\">\n\t<meta name=\"twitter:data1\" content=\"1 minuta\">\n<script type=\"application\/ld+json\" class=\"yoast-schema-graph\">{\"@context\":\"https:\/\/schema.org\",\"@graph\":[{\"@type\":\"WebSite\",\"@id\":\"https:\/\/www.macroengineit.com\/hr\/#website\",\"url\":\"https:\/\/www.macroengineit.com\/hr\/\",\"name\":\"Macro Engine IT\",\"description\":\"\",\"potentialAction\":[{\"@type\":\"SearchAction\",\"target\":\"https:\/\/www.macroengineit.com\/hr\/?s={search_term_string}\",\"query-input\":\"required name=search_term_string\"}],\"inLanguage\":\"hr\"},{\"@type\":\"WebPage\",\"@id\":\"https:\/\/www.macroengineit.com\/hr\/blog#webpage\",\"url\":\"https:\/\/www.macroengineit.com\/hr\/blog\",\"name\":\"Blog - Macro Engine IT\",\"isPartOf\":{\"@id\":\"https:\/\/www.macroengineit.com\/hr\/#website\"},\"datePublished\":\"2020-05-19T10:52:50+00:00\",\"dateModified\":\"2021-02-04T10:32:03+00:00\",\"breadcrumb\":{\"@id\":\"https:\/\/www.macroengineit.com\/hr\/blog#breadcrumb\"},\"inLanguage\":\"hr\",\"potentialAction\":[{\"@type\":\"ReadAction\",\"target\":[\"https:\/\/www.macroengineit.com\/hr\/blog\"]}]},{\"@type\":\"BreadcrumbList\",\"@id\":\"https:\/\/www.macroengineit.com\/hr\/blog#breadcrumb\",\"itemListElement\":[{\"@type\":\"ListItem\",\"position\":1,\"item\":{\"@type\":\"WebPage\",\"@id\":\"https:\/\/www.macroengineit.com\/hr\/blog\",\"url\":\"https:\/\/www.macroengineit.com\/hr\/blog\",\"name\":\"Blog\"}}]}]}<\/script>\n<!-- \/ Yoast SEO plugin. -->","_links":{"self":[{"href":"https:\/\/www.macroengineit.com\/hr\/wp-json\/wp\/v2\/pages\/6388"}],"collection":[{"href":"https:\/\/www.macroengineit.com\/hr\/wp-json\/wp\/v2\/pages"}],"about":[{"href":"https:\/\/www.macroengineit.com\/hr\/wp-json\/wp\/v2\/types\/page"}],"author":[{"embeddable":true,"href":"https:\/\/www.macroengineit.com\/hr\/wp-json\/wp\/v2\/users\/1"}],"replies":[{"embeddable":true,"href":"https:\/\/www.macroengineit.com\/hr\/wp-json\/wp\/v2\/comments?post=6388"}],"version-history":[{"count":6,"href":"https:\/\/www.macroengineit.com\/hr\/wp-json\/wp\/v2\/pages\/6388\/revisions"}],"predecessor-version":[{"id":6628,"href":"https:\/\/www.macroengineit.com\/hr\/wp-json\/wp\/v2\/pages\/6388\/revisions\/6628"}],"wp:attachment":[{"href":"https:\/\/www.macroengineit.com\/hr\/wp-json\/wp\/v2\/media?parent=6388"}],"curies":[{"name":"wp","href":"https:\/\/api.w.org\/{rel}","templated":true}]}}