{"id":6363,"date":"2020-05-19T10:26:26","date_gmt":"2020-05-19T10:26:26","guid":{"rendered":"https:\/\/www.macroengineit.com\/hr\/?page_id=6363"},"modified":"2021-02-17T09:39:09","modified_gmt":"2021-02-17T08:39:09","slug":"koristenje-kolacica","status":"publish","type":"page","link":"https:\/\/www.macroengineit.com\/hr\/koristenje-kolacica","title":{"rendered":"Kori\u0161tenje kola\u010di\u0107a"},"content":{"rendered":"<p>[vc_row full_width=&#8221;fullwidth&#8221; techland_align_items=&#8221;&#8221; techland_lg_align_items=&#8221;&#8221; techland_md_align_items=&#8221;&#8221; techland_sm_align_items=&#8221;&#8221;][vc_column]<div id=\"hero\" class=\"hero breadcrumb-section jarallax text-center\" data-img-src=\"https:\/\/www.macroengineit.com\/hr\/wp-content\/uploads\/2019\/05\/1-1.jpg\" data-res-css=\"\"><div class=\"container\"><h1 class=\"hero__title\"><span>Kori\u0161tenje kola\u010di\u0107a<\/span><\/h1><\/div><\/div>[\/vc_column][\/vc_row][vc_row techland_align_items=&#8221;&#8221; techland_lg_align_items=&#8221;&#8221; techland_md_align_items=&#8221;&#8221; techland_sm_align_items=&#8221;&#8221; css=&#8221;.vc_custom_1589883733808{margin-top: 100px !important;margin-bottom: 100px !important;}&#8221;][vc_column][vc_column_text]<\/p>\n<h2>\u0160to su kola\u010di\u0107i?<\/h2>\n<p>Kola\u010di\u0107i su male tekstualne datoteke koje se postavljaju na va\u0161 web preglednik i omogu\u0107uju operatoru web mjesta pru\u017eanje usluga za mre\u017ene korisnike, poput registracije i mre\u017ene rasprave. Kola\u010di\u0107i tako\u0111er pru\u017eaju informacije operateru web stranice o tome koje se stranice i usluge koriste i koliko \u010desto. Vi\u0161e o kola\u010di\u0107ima mo\u017eete pro\u010ditati na ovoj web stranici.<\/p>\n<h2>Koje kola\u010di\u0107e koristimo na na\u0161oj web stranici?<\/h2>\n<p>Koristimo brojne vlastite kola\u010di\u0107e za pru\u017eanje web usluga vama i drugim korisnicima. Tako\u0111er koristimo brojne kola\u010di\u0107e tre\u0107ih strana &#8211; \u0161to zna\u010di da ih postavlja organizacija koja pru\u017ea uslugu &#8211; kako bi na svojim web stranicama nudili sadr\u017eaj i usluge, poput blogova, foruma, videa, slika, pretplata te Twittera i Facebooka. Kona\u010dna kategorija kola\u010di\u0107a koje na na\u0161oj web stranici koriste nezavisni pru\u017eatelji usluga, kao \u0161to je Google, omogu\u0107uje nam anonimno mjerenje popularnosti na\u0161e web stranice i usluga, na kojim jezicima se posje\u0107uju i koliko \u010desto.<\/p>\n<p>Za potpuni popis kola\u010di\u0107a koji se koriste na IT web mjestu Macro Engine i onoga \u0161to rade, pomaknite se dolje do tablice na dnu ove stranice. Nastavljaju\u0107i koristiti na\u0161u web stranicu, pristajete na na\u0161u upotrebu kola\u010di\u0107a.<\/p>\n<h2>Za\u0161to trebamo koristiti kola\u010di\u0107e?<\/h2>\n<p>Neki su kola\u010di\u0107i va\u017eni za neometanu isporuku i nesmetano izvo\u0111enje IT internetskih usluga Macro Engine (npr. Pam\u0107enje va\u0161ih preferencija za jezik i regiju), dok nam drugi omogu\u0107uju anonimno mjerenje uspje\u0161nosti na\u0161eg sadr\u017eaja me\u0111u web korisnicima. Ova procjena podataka, poznata i kao analitika, poma\u017ee nam u planiranju budu\u0107eg sadr\u017eaja i digitalnih usluga koje \u0107e biti od koristi na\u0161im povezanim tvrtkama i svjetskoj publici.<\/p>\n<h2>Kako su kola\u010di\u0107i korisni prilikom kori\u0161tenja na\u0161e web stranice?<\/h2>\n<p>Kola\u010di\u0107i nam omogu\u0107uju da na\u0161im web korisnicima ponudimo pristup pobolj\u0161anom sadr\u017eaju na na\u0161oj web stranici, poput videozapisa, prezentacija slika, blogova i dijeljenja dru\u0161tvenih mre\u017ea. Kola\u010di\u0107i koji omogu\u0107uju ove usluge mogu se blokirati, iako to mo\u017ee naru\u0161iti na\u010din na koji do\u017eivljavate web stranicu i, u nekim slu\u010dajevima, sprije\u010diti pristup sadr\u017eaju ili usluzi ili njihovo pravilno u\u010ditavanje.<\/p>\n<h2>Kako mogu kontrolirati kola\u010di\u0107e?<\/h2>\n<p>Kola\u010di\u0107ima mo\u017eete upravljati putem postavki preglednika pomo\u0107u ovdje navedenih podataka. Ako \u017eelite izbrisati kola\u010di\u0107e iz svog preglednika, mo\u017eete saznati kako se koristi ovdje.<\/p>\n<h2>Kola\u010di\u0107i koji se koriste na na\u0161oj web stranici<\/h2>\n<table border=\"0\" cellspacing=\"1\" cellpadding=\"1\" align=\"left\">\n<tbody>\n<tr>\n<td><strong>IME<\/strong><\/td>\n<td><strong>POSTAVLJENO OD<\/strong><\/td>\n<td><strong>SVRHA<\/strong><\/td>\n<\/tr>\n<tr>\n<td>ASP.NET_SessionId<\/td>\n<td>Macro Engine IT<\/td>\n<td>Kola\u010di\u0107 .NET sesije koji se koristi za identifikaciju upotrebe<\/td>\n<\/tr>\n<tr>\n<td>_RequestVerificationToken<\/td>\n<td>Macro Engine IT<\/td>\n<td>Kola\u010di\u0107 .NET sesije koji se koristi za identifikaciju upotrebe<\/td>\n<\/tr>\n<tr>\n<td>_ga<\/td>\n<td>Google<\/td>\n<td>Google Analytics kola\u010di\u0107 za pra\u0107enje. Kliknite da biste pro\u010ditali <a href=\"https:\/\/policies.google.com\/privacy?hl=en\" target=\"_blank\" rel=\"noopener\">Googleova pravila o privatnosti<\/a><\/td>\n<\/tr>\n<tr>\n<td>SID, SAPISID, APISID, SSID,<br \/>\nHSID, NID, PREF, OGPC<\/td>\n<td>Google<\/td>\n<td>Google Analytics kola\u010di\u0107 za pra\u0107enje. Kliknite da biste pro\u010ditali <a href=\"https:\/\/policies.google.com\/privacy?hl=en\" target=\"_blank\" rel=\"noopener\">Googleova pravila o privatnosti<\/a><\/td>\n<\/tr>\n<tr>\n<td>SiteSettings.<br \/>\nRegionAndLanguage<\/td>\n<td>Macro Engine IT<\/td>\n<td>Sje\u0107a se regije \/ jezika korisnika<\/td>\n<\/tr>\n<tr>\n<td>cookie_policy<\/td>\n<td>Macro Engine IT<\/td>\n<td>Postavite kada korisnik pristane na sko\u010dni prozor s pravilima o kola\u010di\u0107ima<\/td>\n<\/tr>\n<\/tbody>\n<\/table>\n<p>[\/vc_column_text][\/vc_column][\/vc_row]<\/p>\n","protected":false},"excerpt":{"rendered":"<p>[vc_row full_width=&#8221;fullwidth&#8221; techland_align_items=&#8221;&#8221; techland_lg_align_items=&#8221;&#8221; techland_md_align_items=&#8221;&#8221; techland_sm_align_items=&#8221;&#8221;][vc_column][\/vc_column][\/vc_row][vc_row techland_align_items=&#8221;&#8221; techland_lg_align_items=&#8221;&#8221; techland_md_align_items=&#8221;&#8221; techland_sm_align_items=&#8221;&#8221; css=&#8221;.vc_custom_1589883733808{margin-top: 100px !important;margin-bottom: 100px !important;}&#8221;][vc_column][vc_column_text] \u0160to su kola\u010di\u0107i? Kola\u010di\u0107i su male tekstualne datoteke koje se postavljaju na va\u0161 web preglednik i omogu\u0107uju operatoru web mjesta pru\u017eanje usluga za mre\u017ene korisnike, poput registracije i mre\u017ene rasprave. Kola\u010di\u0107i tako\u0111er pru\u017eaju informacije operateru web stranice o tome koje&#8230;<\/p>\n","protected":false},"author":1,"featured_media":0,"parent":0,"menu_order":0,"comment_status":"closed","ping_status":"closed","template":"custom-page.php","meta":[],"yoast_head":"<!-- This site is optimized with the Yoast SEO plugin v15.8 - https:\/\/yoast.com\/wordpress\/plugins\/seo\/ -->\n<title>Kori\u0161tenje kola\u010di\u0107a - Macro Engine IT<\/title>\n<meta name=\"robots\" content=\"noindex, follow, max-snippet:-1, max-image-preview:large, max-video-preview:-1\" \/>\n<meta property=\"og:locale\" content=\"hr_HR\" \/>\n<meta property=\"og:type\" content=\"article\" \/>\n<meta property=\"og:title\" content=\"Kori\u0161tenje kola\u010di\u0107a - Macro Engine IT\" \/>\n<meta property=\"og:description\" content=\"[vc_row full_width=&#8221;fullwidth&#8221; techland_align_items=&#8221;&#8221; techland_lg_align_items=&#8221;&#8221; techland_md_align_items=&#8221;&#8221; techland_sm_align_items=&#8221;&#8221;][vc_column][\/vc_column][\/vc_row][vc_row techland_align_items=&#8221;&#8221; techland_lg_align_items=&#8221;&#8221; techland_md_align_items=&#8221;&#8221; techland_sm_align_items=&#8221;&#8221; css=&#8221;.vc_custom_1589883733808{margin-top: 100px !important;margin-bottom: 100px !important;}&#8221;][vc_column][vc_column_text] \u0160to su kola\u010di\u0107i? Kola\u010di\u0107i su male tekstualne datoteke koje se postavljaju na va\u0161 web preglednik i omogu\u0107uju operatoru web mjesta pru\u017eanje usluga za mre\u017ene korisnike, poput registracije i mre\u017ene rasprave. Kola\u010di\u0107i tako\u0111er pru\u017eaju informacije operateru web stranice o tome koje...\" \/>\n<meta property=\"og:url\" content=\"https:\/\/www.macroengineit.com\/hr\/koristenje-kolacica\" \/>\n<meta property=\"og:site_name\" content=\"Macro Engine IT\" \/>\n<meta property=\"article:modified_time\" content=\"2021-02-17T08:39:09+00:00\" \/>\n<meta name=\"twitter:card\" content=\"summary_large_image\" \/>\n<meta name=\"twitter:label1\" content=\"Procijenjeno vrijeme \u010ditanja\">\n\t<meta name=\"twitter:data1\" content=\"3 minute\">\n<script type=\"application\/ld+json\" class=\"yoast-schema-graph\">{\"@context\":\"https:\/\/schema.org\",\"@graph\":[{\"@type\":\"WebSite\",\"@id\":\"https:\/\/www.macroengineit.com\/hr\/#website\",\"url\":\"https:\/\/www.macroengineit.com\/hr\/\",\"name\":\"Macro Engine IT\",\"description\":\"\",\"potentialAction\":[{\"@type\":\"SearchAction\",\"target\":\"https:\/\/www.macroengineit.com\/hr\/?s={search_term_string}\",\"query-input\":\"required name=search_term_string\"}],\"inLanguage\":\"hr\"},{\"@type\":\"WebPage\",\"@id\":\"https:\/\/www.macroengineit.com\/hr\/koristenje-kolacica#webpage\",\"url\":\"https:\/\/www.macroengineit.com\/hr\/koristenje-kolacica\",\"name\":\"Kori\\u0161tenje kola\\u010di\\u0107a - Macro Engine IT\",\"isPartOf\":{\"@id\":\"https:\/\/www.macroengineit.com\/hr\/#website\"},\"datePublished\":\"2020-05-19T10:26:26+00:00\",\"dateModified\":\"2021-02-17T08:39:09+00:00\",\"breadcrumb\":{\"@id\":\"https:\/\/www.macroengineit.com\/hr\/koristenje-kolacica#breadcrumb\"},\"inLanguage\":\"hr\",\"potentialAction\":[{\"@type\":\"ReadAction\",\"target\":[\"https:\/\/www.macroengineit.com\/hr\/koristenje-kolacica\"]}]},{\"@type\":\"BreadcrumbList\",\"@id\":\"https:\/\/www.macroengineit.com\/hr\/koristenje-kolacica#breadcrumb\",\"itemListElement\":[{\"@type\":\"ListItem\",\"position\":1,\"item\":{\"@type\":\"WebPage\",\"@id\":\"https:\/\/www.macroengineit.com\/hr\/koristenje-kolacica\",\"url\":\"https:\/\/www.macroengineit.com\/hr\/koristenje-kolacica\",\"name\":\"Kori\\u0161tenje kola\\u010di\\u0107a\"}}]}]}<\/script>\n<!-- \/ Yoast SEO plugin. -->","_links":{"self":[{"href":"https:\/\/www.macroengineit.com\/hr\/wp-json\/wp\/v2\/pages\/6363"}],"collection":[{"href":"https:\/\/www.macroengineit.com\/hr\/wp-json\/wp\/v2\/pages"}],"about":[{"href":"https:\/\/www.macroengineit.com\/hr\/wp-json\/wp\/v2\/types\/page"}],"author":[{"embeddable":true,"href":"https:\/\/www.macroengineit.com\/hr\/wp-json\/wp\/v2\/users\/1"}],"replies":[{"embeddable":true,"href":"https:\/\/www.macroengineit.com\/hr\/wp-json\/wp\/v2\/comments?post=6363"}],"version-history":[{"count":6,"href":"https:\/\/www.macroengineit.com\/hr\/wp-json\/wp\/v2\/pages\/6363\/revisions"}],"predecessor-version":[{"id":6658,"href":"https:\/\/www.macroengineit.com\/hr\/wp-json\/wp\/v2\/pages\/6363\/revisions\/6658"}],"wp:attachment":[{"href":"https:\/\/www.macroengineit.com\/hr\/wp-json\/wp\/v2\/media?parent=6363"}],"curies":[{"name":"wp","href":"https:\/\/api.w.org\/{rel}","templated":true}]}}