{"id":6360,"date":"2020-05-19T10:24:31","date_gmt":"2020-05-19T10:24:31","guid":{"rendered":"https:\/\/www.macroengineit.com\/hr\/?page_id=6360"},"modified":"2021-02-16T13:00:24","modified_gmt":"2021-02-16T12:00:24","slug":"pravila-o-privatnosti","status":"publish","type":"page","link":"https:\/\/www.macroengineit.com\/hr\/pravila-o-privatnosti","title":{"rendered":"Pravila o privatnosti"},"content":{"rendered":"<p>[vc_row full_width=&#8221;fullwidth&#8221; techland_align_items=&#8221;&#8221; techland_lg_align_items=&#8221;&#8221; techland_md_align_items=&#8221;&#8221; techland_sm_align_items=&#8221;&#8221;][vc_column]<div id=\"hero\" class=\"hero breadcrumb-section jarallax text-center\" data-img-src=\"https:\/\/www.macroengineit.com\/hr\/wp-content\/uploads\/2019\/05\/1-1.jpg\" data-res-css=\"\"><div class=\"container\"><h1 class=\"hero__title\"><span>Pravila o privatnosti<\/span><\/h1><\/div><\/div>[\/vc_column][\/vc_row][vc_row techland_align_items=&#8221;&#8221; techland_lg_align_items=&#8221;&#8221; techland_md_align_items=&#8221;&#8221; techland_sm_align_items=&#8221;&#8221; css=&#8221;.vc_custom_1589883733808{margin-top: 100px !important;margin-bottom: 100px !important;}&#8221;][vc_column][vc_column_text]Macro Engine IT d.o.o. se zala\u017ee za za\u0161titu privatnosti na\u0161ih korisnika. Smatramo da je va\u017eno da u potpunosti razumijete uvjete i odredbe pod kojima koristimo podatke koje prikupimo od vas. Molimo pa\u017eljivo pro\u010ditajte ovu Politiku privatnosti kako biste razumjeli kako \u0107emo koristiti i za\u0161tititi va\u0161e osobne podatke. Pravila tako\u0111er opisuju izbore koji su vam dostupni u vezi s na\u010dinom na koji mo\u017eete pristupiti i a\u017eurirati ove podatke.<\/p>\n<h2>1. Koje podatke prikupljamo od vas?<\/h2>\n<p>Kako bismo vam pru\u017eili bolje usluge, prikupljamo dvije vrste podataka o posjetiteljima: osobne podatke i neosobne podatke. Na\u0161 primarni cilj prikupljanja informacija od vas je pru\u017eiti vam nesmetano i u\u010dinkovito iskustvo tijekom kori\u0161tenja na\u0161e web stranice.<\/p>\n<h3>Osobne informacije<\/h3>\n<p>Osobni podaci odnose se na osobine va\u0161eg identiteta, poput va\u0161eg imena, adrese, telefonskog broja, adrese e-po\u0161te i svih ostalih podataka potrebnih za pru\u017eanje usluge tijekom kori\u0161tenja na\u0161ih usluga. Odre\u0111ene podatke prikupljamo automatski i pohranjujemo u datoteke dnevnika. Te informacije mogu uklju\u010divati \u200b\u200badrese internetskog protokola (IP), vrstu preglednika, davatelja internetskih usluga (ISP), stranice s uputama \/ izlazima, datoteke pregledane na na\u0161em web mjestu (npr. HTML stranice, grafike itd.), Operativni sustav, datum \/ vrijeme pe\u010dat i \/ ili podaci o toku klika. Ove automatski prikupljene podatke mo\u017eemo kombinirati s ostalim podacima koje prikupljamo o vama radi pobolj\u0161anja usluga, marketinga, analitike ili funkcionalnosti web mjesta.<\/p>\n<p>Macro Engine IT prikuplja osobne podatke kada se kod nas registrirate za Macro Engine IT ra\u010dun kao kupac, potencijalni kupac ili gost korisnik, kada koristite na\u0161e odre\u0111ene proizvode ili usluge, kada se registrirate za poha\u0111anje seminara ili sudjelovanje u dobrovoljnoj anketi , kada zatra\u017eite da vas se uklju\u010di na e-adresu ili drugi dopisni popis, kada predate prijavu za promocije ili kada nam iz bilo kojeg drugog razloga po\u0161aljete svoje osobne podatke.<\/p>\n<p>Osobne podatke koje prikupljamo koristimo kako bismo vam poslali podatke koje ste zatra\u017eili, odgovorili na upit ili olak\u0161ali zna\u010dajke na\u0161ih usluga. Povremeno Macro Engine IT prima osobne podatke od poslovnih partnera i dobavlja\u010da. Takve podatke koristimo samo ako su prikupljeni u skladu s prihvatljivim praksama privatnosti u skladu s ovim Pravilima o privatnosti.<\/p>\n<h3>Usluge<\/h3>\n<p>Macro Engine IT prikuplja podatke u ime na\u0161ih klijenata i nema izravne veze s pojedincima \u010dije osobne podatke posjeduje. Kori\u0161tenje ovih podataka bit \u0107e ograni\u010deno na svrhu pru\u017eanja usluge za koju su na\u0161i klijenti anga\u017eirali Macro Engine IT. Ako ste kupac jednog od na\u0161ih klijenata i vi\u0161e ne \u017eelite da ga kontaktiraju, kontaktirajte klijenta s kojim izravno komunicirate.<\/p>\n<p>Osobne podatke mo\u017eemo prenijeti tvrtkama koje nam poma\u017eu u pru\u017eanju na\u0161ih usluga. Prijenosi sljede\u0107im tre\u0107im stranama obuhva\u0107eni su odredbama ove Politike u vezi s obavijestima i odabirom te ugovorima o uslugama s na\u0161im klijentima. Priznajemo da imate pravo pristupiti svojim osobnim podacima. Ako ste kupac jednog od na\u0161ih klijenata i \u017eelite ispraviti, izmijeniti ili izbrisati neto\u010dne podatke, uputite svoj upit na\u0161em klijentu.<\/p>\n<p>Ako Klijent zatra\u017ei od Macro Enginea IT da ukloni podatke, odgovorit \u0107emo na taj zahtjev za 30 dana. Macro Engine IT zadr\u017eat \u0107e osobne podatke koje obra\u0111ujemo u ime na\u0161ih klijenata onoliko dugo koliko je potrebno za pru\u017eanje usluga na\u0161im klijentima. Tako\u0111er \u0107emo zadr\u017eati ove Osobne podatke onoliko dugo koliko je potrebno radi po\u0161tivanja na\u0161ih zakonskih obveza, rje\u0161avanja sporova i provo\u0111enja na\u0161ih sporazuma.<\/p>\n<h3>Widgeti za dru\u0161tvene medije<\/h3>\n<p>Na\u0161e web stranice uklju\u010duju zna\u010dajke dru\u0161tvenih medija ili interaktivne mini programe. Ove zna\u010dajke mogu prikupiti va\u0161u IP adresu, stranicu koju posje\u0107ujete na na\u0161im web mjestima, i mogu postaviti kola\u010di\u0107 da omogu\u0107i zna\u010dajkama pravilno funkcioniranje. Zna\u010dajke dru\u0161tvenih medija hostira tre\u0107a strana ili ih hostira izravno na na\u0161im web mjestima. Va\u0161a interakcija s ovim zna\u010dajkama regulirana je politikom privatnosti tvrtke koja je pru\u017ea.<\/p>\n<h3>Blogovi i svjedo\u010denja<\/h3>\n<p>Ako komentirate blog, trebali biste biti svjesni da bilo koji osobni podatak koji tamo predate mogu \u010ditati, prikupljati ili koristiti drugi korisnici bloga i koristiti za slanje ne\u017eeljenih poruka. Nismo odgovorni za osobne podatke koje ste odlu\u010dili poslati na blog. Da biste zatra\u017eili uklanjanje va\u0161ih osobnih podataka s na\u0161eg bloga ili foruma zajednice, kontaktirajte nas na info@macroengineit.com. U nekim slu\u010dajevima mo\u017eda ne\u0107emo mo\u0107i ukloniti va\u0161e osobne podatke, u tom slu\u010daju \u0107emo vas obavijestiti ako to ne mo\u017eemo u\u010diniti i za\u0161to.<\/p>\n<p>Na na\u0161im stranicama prikazujemo osobna svjedo\u010denja i ostale preporuke zadovoljnih kupaca. Uz va\u0161 pristanak, mo\u017eemo objaviti va\u0161e izjave zajedno s va\u0161im imenom. Ako \u017eelite a\u017eurirati ili izbrisati svoju izjavu, mo\u017eete nas kontaktirati na info@macroengineit.com.<\/p>\n<p>Za pristup odre\u0111enim IT uslugama Macro Engine potrebne su prijava i lozinka. Kori\u0161tenje tih usluga i informacija ili programa koji se mogu preuzimati s tih web-mjesta mo\u017ee biti ure\u0111eno pisanim sporazumom izme\u0111u va\u0161eg poslodavca i Macro Engine IT-a. Ako ne zatra\u017eite brisanje svojih osobnih podataka kako je navedeno u nastavku, va\u0161e osobne podatke mo\u017eemo zadr\u017eati kako bismo provjerili sukladnost s sporazumom, evidentirali dodijeljene softverske licence, pratili softver preuzet s tih stranica ili pratili upotrebu drugih aplikacija dostupnih na tim stranicama.<\/p>\n<h3>Zadr\u017eavanje podataka<\/h3>\n<p>Zadr\u017eat \u0107emo va\u0161e podatke sve dok je va\u0161 ra\u010dun aktivan ili ako je potrebno za pru\u017eanje usluga. Zadr\u017eat \u0107emo i koristit \u0107emo va\u0161e podatke po potrebi kako bismo udovoljili na\u0161im zakonskim obvezama, rije\u0161ili sporove i izvr\u0161ili na\u0161e ugovore.<\/p>\n<p>Neosobni podaci: odnosi se na informacije koje same po sebi ne identificiraju odre\u0111enog pojedinca. Prikupljamo odre\u0111ene podatke o vama na temelju stranica kojima pristupate u na\u0161im ponudama pomo\u0107u razli\u010ditih tehnologija pra\u0107enja. Te se informacije prikupljaju i analiziraju i na neagregiranoj i na agregiranoj osnovi.<\/p>\n<h3>Komunikacije<\/h3>\n<h4>Posebne ponude i a\u017euriranja<\/h4>\n<p>Povremeno \u0107emo vam slati informacije o proizvodima, uslugama, posebnim ponudama i promocijama. Iz po\u0161tovanja va\u0161e privatnosti, predstavljamo mogu\u0107nost da ne primate ove vrste komunikacija. Molimo pogledajte &#8220;Izbor i odjava&#8221;.<\/p>\n<h4>Newsletter<\/h4>\n<p>Ako vi\u0161e ne \u017eelite primati na\u0161 bilten i promotivne komunikacije, mo\u017eete se odjaviti od primanja istih slijede\u0107i upute u svakom biltenu ili komunikaciji ili e-po\u0161tom na info@macroengineit.com. Ako nas kontaktirate e-po\u0161tom, odgovorit \u0107emo na va\u0161 zahtjev u roku od 30 dana.<\/p>\n<h4>Obavijesti o uslugama<\/h4>\n<p>Poslat \u0107emo vam strogo povezane obavijesti o uslugama u rijetkim prilikama kada je to potrebno. Na primjer, ako je na\u0161a usluga privremeno obustavljena zbog odr\u017eavanja, mogli bismo vam poslati e-po\u0161tu.<\/p>\n<p>Op\u0107enito, ne mo\u017eete se odjaviti od ovih komunikacija koje nisu promotivne prirode. Ako ih ne \u017eelite primati, imate mogu\u0107nost deaktiviranja ra\u010duna. Molimo pogledajte &#8220;Izbor i odjava&#8221;.<\/p>\n<h4>Slu\u017eba za korisnike<\/h4>\n<p>Na temelju osobnih podataka koje nam dostavite, poslat \u0107emo vam pozdravnu e-poruku s potvrdom va\u0161eg korisni\u010dkog imena i lozinke. Tako\u0111er \u0107emo komunicirati s vama kao odgovor na va\u0161e upite, pru\u017eiti usluge koje zatra\u017eite i upravljati va\u0161im ra\u010dunom. Komunicirat \u0107emo s vama putem e-po\u0161te ili telefona, u skladu s va\u0161im \u017eeljama.<\/p>\n<h2>2. S kim dijelimo va\u0161e podatke?<\/h2>\n<p>Budu\u0107i da je Macro Engine IT globalna tvrtka, va\u0161i osobni podaci mogu se dijeliti s drugim IT uredima ili podru\u017enicama Macro Enginea \u0161irom svijeta radi pru\u017eanja usluga koje ste zatra\u017eili. Svi takvi subjekti regulirani su ovim Pravilima o privatnosti ili su obvezani odgovaraju\u0107im ugovorima o povjerljivosti i prijenosu podataka.<\/p>\n<p>Dijelit \u0107emo va\u0161e osobne podatke s tre\u0107im stranama samo na na\u010dine opisane u ovoj politici privatnosti. Ne prodajemo va\u0161e osobne podatke tre\u0107im stranama. Va\u0161i se osobni podaci nikada ne dijele izvan Macro Engine IT-a bez va\u0161eg dopu\u0161tenja, osim pod uvjetima obja\u0161njenim u nastavku. Unutar Macro Engine IT podaci se pohranjuju na kontroliranim poslu\u017eiteljima s ograni\u010denim pristupom.<\/p>\n<p>Macro Engine IT mo\u017ee slati va\u0161e osobne podatke drugim tvrtkama ili ljudima pod bilo kojom od sljede\u0107ih okolnosti:<\/p>\n<p>&#8211; kada imamo va\u0161 pristanak za dijeljenje informacija;<\/p>\n<p>&#8211; moramo podijeliti va\u0161e podatke kako bismo pru\u017eili proizvod ili uslugu koju ste zatra\u017eili;<\/p>\n<p>&#8211; podatke moramo poslati tvrtkama koje rade u ime Macro Engine IT-a kako bi vam pru\u017eile proizvod ili uslugu, poput marketin\u0161kog partnera, pru\u017eatelja usluga mapiranja ili tvrtke za web analitiku (tim tvrtkama pru\u017eit \u0107emo samo podatke koji su im potrebni) isporu\u010diti uslugu i zabranjeno im je koristiti te podatke u bilo koju drugu svrhu);<\/p>\n<p>&#8211; \u017eelimo biti u toku s najnovijim najavama proizvoda, a\u017euriranjima softvera, posebnim ponudama ili ostalim informacijama za koje mislimo da biste \u017eeljeli \u010duti od nas ili od na\u0161ih poslovnih partnera.<\/p>\n<p>Tako\u0111er \u0107emo otkriti va\u0161e osobne podatke ako to nala\u017ee zakon, radi provo\u0111enja na\u0161ih Uvjeta kori\u0161tenja ili u hitnim okolnostima, radi za\u0161tite osobne sigurnosti, javnosti ili na\u0161e ponude. Zadr\u017eavamo pravo na otkrivanje va\u0161ih osobnih podataka kada smatramo da je otkrivanje potrebno radi za\u0161tite na\u0161ih prava i \/ ili po\u0161tivanja sudskog postupka, sudskog naloga ili pravnog postupka koji se pru\u017ea na na\u0161im uslugama.<\/p>\n<h3>Izbor \/ odjava<\/h3>\n<p>Pru\u017eamo vam priliku da se \u2018odjavite\u2019 od kori\u0161tenja va\u0161ih osobnih podataka u odre\u0111ene svrhe kada ih zatra\u017eimo.<\/p>\n<h4>Newsletter<\/h4>\n<p>Ako vi\u0161e ne \u017eelite primati na\u0161e biltene i promotivne komunikacije, mo\u017eete se odjaviti od primanja istih slijede\u0107i upute u svakom biltenu ili komunikaciji ili e-po\u0161tom na info@macroengineit.com.<\/p>\n<h4>Ogla\u0161avanje<\/h4>\n<p>Sura\u0111ujemo s tre\u0107im stranama ili za prikazivanje ogla\u0161avanja na na\u0161im web mjestima ili za upravljanje ogla\u0161avanjem na drugim web mjestima. Te strane mogu koristiti tehnologije poput kola\u010di\u0107a za prikupljanje podataka o va\u0161im aktivnostima na na\u0161im web mjestima i drugim web mjestima kako bi vam pru\u017eile ogla\u0161avanje na temelju va\u0161ih aktivnosti pregledavanja i interesa.<\/p>\n<h2>3. Kako mo\u017eete a\u017eurirati, ispraviti ili izbrisati svoje osobne podatke?<\/h2>\n<p>Imate pravo izmijeniti ili a\u017eurirati neto\u010dne ili nepotpune osobne podatke, zatra\u017eiti brisanje svojih osobnih podataka ili zahtijevati da ih vi\u0161e ne koristimo. Na zahtjev \u0107emo vam dostaviti podatke o tome posjedujemo li neke va\u0161e osobne podatke. Ako se va\u0161i osobni podaci promijene ili ako vi\u0161e ne \u017eelite na\u0161u uslugu, mo\u017eete ih ispraviti, a\u017eurirati, izmijeniti ili izbrisati \/ ukloniti slanjem e-po\u0161te na info@macroengineit.com. Odgovorit \u0107emo na va\u0161 zahtjev u roku od 30 dana.<\/p>\n<h2>4. Koje sigurnosne mjere predostro\u017enosti postoje za za\u0161titu od gubitka, zlouporabe ili promjene va\u0161ih podataka?<\/h2>\n<p>Mi koristimo industrijski prepoznatu informacijsku tehnologiju kako bismo za\u0161titili sigurnost podataka koje nam dostavljate, kako tijekom prijenosa, tako i nakon \u0161to ih primimo. Va\u017enost sigurnosti za sve Osobne podatke povezane s na\u0161im korisnicima najvi\u0161e nas brine. Na\u0161i sigurni poslu\u017eitelji \u0161tite ove podatke pomo\u0107u za\u0161tite lozinkom i napredne enkripcije, a za dodatnu za\u0161titu mo\u017eemo koristiti tehnologiju vatrozida. Kada na na\u0161e usluge unesete osjetljive podatke (kao \u0161to su broj kreditne kartice, podaci za prijavu za na\u0161e Usluge ili podaci o geografskoj lokaciji), mi \u0161ifriramo prijenos tih podataka pomo\u0107u za\u0161tite transportnog sloja (TLS).<\/p>\n<p>Nadalje, svi podaci korisnika koje prikupljamo za\u0161ti\u0107eni su od neovla\u0161tenog pristupa fizi\u010dkim sigurnosnim sredstvima.<\/p>\n<p>Tako\u0111er poti\u010demo na\u0161e partnere i pru\u017eatelje usluga da usvoje i slijede stroga pravila o privatnosti potro\u0161a\u010da. Me\u0111utim, nijedan na\u010din prijenosa putem Interneta ili na\u010din elektroni\u010dkog pohranjivanja nije 100% siguran. Stoga ne mo\u017eemo jam\u010diti njegovu apsolutnu sigurnost. Ako imate bilo kakvih pitanja o sigurnosti na\u0161ih usluga, mo\u017eete nas kontaktirati na info@macroengineit.com.<\/p>\n<h2>5. Kola\u010di\u0107i i ostale tehnologije pra\u0107enja<\/h2>\n<p>Kola\u010di\u0107e koristimo u ograni\u010dene svrhe da bismo pobolj\u0161ali va\u0161 posjet na\u0161im web mjestima i kako bi nam omogu\u0107ili pra\u0107enje i ciljanje interesa na\u0161ih korisnika. Web mjesto ili mobilna aplikacija ne mo\u017ee pro\u010ditati kola\u010di\u0107 osim onog koji postavlja kola\u010di\u0107. Nijedna druga tvrtka ne\u0107e imati pristup na\u0161im kola\u010di\u0107ima. Kola\u010di\u0107 ne mo\u017ee dohvatiti bilo koje druge podatke s va\u0161eg tvrdog diska ili ure\u0111aja, prenijeti ra\u010dunalni virus ili uhvatiti va\u0161u adresu e-po\u0161te. Na\u0161i kola\u010di\u0107i nisu vezani uz osobne podatke.<\/p>\n<p>Ve\u0107ina preglednika i ure\u0111aja u po\u010detku su postavljeni tako da prihva\u0107aju kola\u010di\u0107e. Ako \u017eelite, mo\u017eete resetirati preglednik da vas obavijesti kada primite kola\u010di\u0107 ili, pak, da odbijete prihvatiti kola\u010di\u0107e. Va\u017eno je napomenuti da mo\u017eda ne\u0107ete mo\u0107i koristiti odre\u0111ene zna\u010dajke na na\u0161oj web stranici ako odlu\u010dite ne prihvatiti kola\u010di\u0107e. Neki od nezavisnih davatelja usluga web nadzora koriste kola\u010di\u0107e i druge tehnologije pra\u0107enja na na\u0161oj web stranici.<\/p>\n<p>Macro Engine IT koristi kola\u010di\u0107e ili sli\u010dne tehnologije za analizu trendova, administriranje web stranice, pra\u0107enje kretanja korisnika oko web stranice, utvr\u0111ivanje va\u0161eg interesa za na\u0161e komunikacije i prikupljanje demografskih podataka o na\u0161oj bazi korisnika u cjelini.<\/p>\n<h2>6. Djeca, roditeljski pristanak i privatnost<\/h2>\n<p>Zakon o za\u0161titi privatnosti djece na mre\u017ei stupio je na snagu 21. travnja 2000. godine i name\u0107e odre\u0111ene zahtjeve na web mjestima usmjerenim prema djeci mla\u0111oj od 13 godina koja prikupljaju podatke o toj djeci ili na web mjestima koja znaju da prikupljaju osobne podatke o djeci mla\u0111oj od 13 godina. u dobi od 13 godina. Na\u0161e ponude nisu usmjerene na djecu mla\u0111u od 13 godina. Svjesno ne prikupljamo podatke ni od koga mla\u0111eg od 13 godina. Ako utvrdimo da smo prikupili podatke od djeteta mla\u0111eg od 13 godina, odmah \u0107emo ih izbrisati.<\/p>\n<h2>7. Trebali biste pa\u017eljivo pregledati pravila o privatnosti bilo kojih web mjesta tre\u0107ih strana kojima se mo\u017ee pristupiti s na\u0161eg web mjesta<\/h2>\n<p>Ostale web stranice dostupne putem na\u0161e web stranice imaju vlastite politike privatnosti i prakse prikupljanja, kori\u0161tenja i otkrivanja podataka. Molimo pogledajte politike privatnosti svake web lokacije. Nismo odgovorni za politike ili prakse tre\u0107ih strana. Imajte na umu da na\u0161e web mjesto mo\u017ee sadr\u017eavati poveznice do drugih internetskih stranica koje su u vlasni\u0161tvu i kojima upravljaju tre\u0107e strane.<\/p>\n<p>Ova Pravila o privatnosti ne pokrivaju informacijske postupke onih web stranica povezanih na na\u0161e web mjesto. Te druge web stranice mogu korisnicima slati vlastite kola\u010di\u0107e, prikupljati podatke ili tra\u017eiti osobne podatke. Ne mo\u017eemo kontrolirati prikupljanje podataka. Trebate se izravno obratiti ovim web mjestima ako imate bilo kakvih pitanja u vezi s njihovom upotrebom podataka koje prikupljaju.<\/p>\n<h2>8. Kontaktirajte nas u vezi s pitanjima ili problemima u vezi s privatno\u0161\u0107u<\/h2>\n<p>Ako imate bilo kakvih pitanja u vezi s ovom Politikom privatnosti, praksom na\u0161ih ponuda ili postupanjem s na\u0161om ponudom, kontaktirajte nas slanjem e-po\u0161te na info@macroengineit.com ili nam mo\u017eete pisati na:<\/p>\n<p>Macro Engine IT d.o.o.<br \/>\nUlica grada Mainza 13<br \/>\n10000 Zagreb<\/p>\n<h2>9. Promjene pravila o privatnosti<\/h2>\n<p>Ova Pravila o privatnosti zadnji su put promijenjena 16. velja\u010de 2021. Ako izmijenimo bilo koje uvjete ili odredbe Pravila o privatnosti, promjene \u0107e biti objavljene u ovom dokumentu tako da \u0107ete uvijek znati koje podatke prikupljamo i kako bismo ih mogli koristiti informacije i kome \u0107emo ih otkriti.<\/p>\n<p>Svaka promjena, izmjena, dodavanje ili uklanjanje dijelova ovih Pravila o privatnosti koji su materijalne promjene bit \u0107e objavljeni ovdje. Molimo provjerite ovu stranicu prije nego \u0161to nastavite koristiti na\u0161u web stranicu i usluge.[\/vc_column_text][\/vc_column][\/vc_row]<\/p>\n","protected":false},"excerpt":{"rendered":"<p>[vc_row full_width=&#8221;fullwidth&#8221; techland_align_items=&#8221;&#8221; techland_lg_align_items=&#8221;&#8221; techland_md_align_items=&#8221;&#8221; techland_sm_align_items=&#8221;&#8221;][vc_column][\/vc_column][\/vc_row][vc_row techland_align_items=&#8221;&#8221; techland_lg_align_items=&#8221;&#8221; techland_md_align_items=&#8221;&#8221; techland_sm_align_items=&#8221;&#8221; css=&#8221;.vc_custom_1589883733808{margin-top: 100px !important;margin-bottom: 100px !important;}&#8221;][vc_column][vc_column_text]Macro Engine IT d.o.o. se zala\u017ee za za\u0161titu privatnosti na\u0161ih korisnika. Smatramo da je va\u017eno da u potpunosti razumijete uvjete i odredbe pod kojima koristimo podatke koje prikupimo od vas. Molimo pa\u017eljivo pro\u010ditajte ovu Politiku privatnosti kako biste razumjeli kako \u0107emo&#8230;<\/p>\n","protected":false},"author":1,"featured_media":0,"parent":0,"menu_order":0,"comment_status":"closed","ping_status":"closed","template":"custom-page.php","meta":[],"yoast_head":"<!-- This site is optimized with the Yoast SEO plugin v15.8 - https:\/\/yoast.com\/wordpress\/plugins\/seo\/ -->\n<title>Pravila o privatnosti - Macro Engine IT<\/title>\n<meta name=\"robots\" content=\"noindex, follow, max-snippet:-1, max-image-preview:large, max-video-preview:-1\" \/>\n<meta property=\"og:locale\" content=\"hr_HR\" \/>\n<meta property=\"og:type\" content=\"article\" \/>\n<meta property=\"og:title\" content=\"Pravila o privatnosti - Macro Engine IT\" \/>\n<meta property=\"og:description\" content=\"[vc_row full_width=&#8221;fullwidth&#8221; techland_align_items=&#8221;&#8221; techland_lg_align_items=&#8221;&#8221; techland_md_align_items=&#8221;&#8221; techland_sm_align_items=&#8221;&#8221;][vc_column][\/vc_column][\/vc_row][vc_row techland_align_items=&#8221;&#8221; techland_lg_align_items=&#8221;&#8221; techland_md_align_items=&#8221;&#8221; techland_sm_align_items=&#8221;&#8221; css=&#8221;.vc_custom_1589883733808{margin-top: 100px !important;margin-bottom: 100px !important;}&#8221;][vc_column][vc_column_text]Macro Engine IT d.o.o. se zala\u017ee za za\u0161titu privatnosti na\u0161ih korisnika. Smatramo da je va\u017eno da u potpunosti razumijete uvjete i odredbe pod kojima koristimo podatke koje prikupimo od vas. Molimo pa\u017eljivo pro\u010ditajte ovu Politiku privatnosti kako biste razumjeli kako \u0107emo...\" \/>\n<meta property=\"og:url\" content=\"https:\/\/www.macroengineit.com\/hr\/pravila-o-privatnosti\" \/>\n<meta property=\"og:site_name\" content=\"Macro Engine IT\" \/>\n<meta property=\"article:modified_time\" content=\"2021-02-16T12:00:24+00:00\" \/>\n<meta name=\"twitter:card\" content=\"summary_large_image\" \/>\n<meta name=\"twitter:label1\" content=\"Procijenjeno vrijeme \u010ditanja\">\n\t<meta name=\"twitter:data1\" content=\"10 minuta\">\n<script type=\"application\/ld+json\" class=\"yoast-schema-graph\">{\"@context\":\"https:\/\/schema.org\",\"@graph\":[{\"@type\":\"WebSite\",\"@id\":\"https:\/\/www.macroengineit.com\/hr\/#website\",\"url\":\"https:\/\/www.macroengineit.com\/hr\/\",\"name\":\"Macro Engine IT\",\"description\":\"\",\"potentialAction\":[{\"@type\":\"SearchAction\",\"target\":\"https:\/\/www.macroengineit.com\/hr\/?s={search_term_string}\",\"query-input\":\"required name=search_term_string\"}],\"inLanguage\":\"hr\"},{\"@type\":\"WebPage\",\"@id\":\"https:\/\/www.macroengineit.com\/hr\/pravila-o-privatnosti#webpage\",\"url\":\"https:\/\/www.macroengineit.com\/hr\/pravila-o-privatnosti\",\"name\":\"Pravila o privatnosti - Macro Engine IT\",\"isPartOf\":{\"@id\":\"https:\/\/www.macroengineit.com\/hr\/#website\"},\"datePublished\":\"2020-05-19T10:24:31+00:00\",\"dateModified\":\"2021-02-16T12:00:24+00:00\",\"breadcrumb\":{\"@id\":\"https:\/\/www.macroengineit.com\/hr\/pravila-o-privatnosti#breadcrumb\"},\"inLanguage\":\"hr\",\"potentialAction\":[{\"@type\":\"ReadAction\",\"target\":[\"https:\/\/www.macroengineit.com\/hr\/pravila-o-privatnosti\"]}]},{\"@type\":\"BreadcrumbList\",\"@id\":\"https:\/\/www.macroengineit.com\/hr\/pravila-o-privatnosti#breadcrumb\",\"itemListElement\":[{\"@type\":\"ListItem\",\"position\":1,\"item\":{\"@type\":\"WebPage\",\"@id\":\"https:\/\/www.macroengineit.com\/hr\/pravila-o-privatnosti\",\"url\":\"https:\/\/www.macroengineit.com\/hr\/pravila-o-privatnosti\",\"name\":\"Pravila o privatnosti\"}}]}]}<\/script>\n<!-- \/ Yoast SEO plugin. -->","_links":{"self":[{"href":"https:\/\/www.macroengineit.com\/hr\/wp-json\/wp\/v2\/pages\/6360"}],"collection":[{"href":"https:\/\/www.macroengineit.com\/hr\/wp-json\/wp\/v2\/pages"}],"about":[{"href":"https:\/\/www.macroengineit.com\/hr\/wp-json\/wp\/v2\/types\/page"}],"author":[{"embeddable":true,"href":"https:\/\/www.macroengineit.com\/hr\/wp-json\/wp\/v2\/users\/1"}],"replies":[{"embeddable":true,"href":"https:\/\/www.macroengineit.com\/hr\/wp-json\/wp\/v2\/comments?post=6360"}],"version-history":[{"count":7,"href":"https:\/\/www.macroengineit.com\/hr\/wp-json\/wp\/v2\/pages\/6360\/revisions"}],"predecessor-version":[{"id":6653,"href":"https:\/\/www.macroengineit.com\/hr\/wp-json\/wp\/v2\/pages\/6360\/revisions\/6653"}],"wp:attachment":[{"href":"https:\/\/www.macroengineit.com\/hr\/wp-json\/wp\/v2\/media?parent=6360"}],"curies":[{"name":"wp","href":"https:\/\/api.w.org\/{rel}","templated":true}]}}