{"id":6355,"date":"2020-05-19T10:20:17","date_gmt":"2020-05-19T10:20:17","guid":{"rendered":"https:\/\/www.macroengineit.com\/hr\/?page_id=6355"},"modified":"2021-02-16T12:47:18","modified_gmt":"2021-02-16T11:47:18","slug":"uvjeti-koristenja","status":"publish","type":"page","link":"https:\/\/www.macroengineit.com\/hr\/uvjeti-koristenja","title":{"rendered":"Uvjeti kori\u0161tenja"},"content":{"rendered":"<p>[vc_row full_width=&#8221;fullwidth&#8221; techland_align_items=&#8221;&#8221; techland_lg_align_items=&#8221;&#8221; techland_md_align_items=&#8221;&#8221; techland_sm_align_items=&#8221;&#8221;][vc_column]<div id=\"hero\" class=\"hero breadcrumb-section jarallax text-center\" data-img-src=\"https:\/\/www.macroengineit.com\/hr\/wp-content\/uploads\/2019\/05\/1-1.jpg\" data-res-css=\"\"><div class=\"container\"><h1 class=\"hero__title\"><span>Uvjeti kori\u0161tenja<\/span><\/h1><\/div><\/div>[\/vc_column][\/vc_row][vc_row techland_align_items=&#8221;&#8221; techland_lg_align_items=&#8221;&#8221; techland_md_align_items=&#8221;&#8221; techland_sm_align_items=&#8221;&#8221; css=&#8221;.vc_custom_1589883733808{margin-top: 100px !important;margin-bottom: 100px !important;}&#8221;][vc_column][vc_column_text]Ovi se Op\u0107i uvjeti primjenjuju na IT zajednicu Macro Engine i na sve internetske proizvode i usluge Macro Engine IT.<\/p>\n<p>Uvjete mo\u017eete prihvatiti:<\/p>\n<p>&#8211; klik za prihva\u0107anje ili prihva\u0107anje Uvjeta, gdje je ova opcija dostupna;<\/p>\n<p>&#8211; stvarnim kori\u0161tenjem Usluga. U ovom slu\u010daju razumijete i sla\u017eete se da \u0107e Macro Engine IT od tada koristiti va\u0161u Uslugu kao prihva\u0107anje Uvjeta.<\/p>\n<p>Morate se slo\u017eiti sa svim uvjetima i odredbama sadr\u017eanim na ovoj stranici da biste postali korisnik usluga zajednice Macro Engine IT, \u0161to zauzvrat omogu\u0107uje pristup odre\u0111enim proizvodima Macro Engine IT na web mjestu Macro Engine IT.<\/p>\n<p>Zavr\u0161etkom postupka upisa ili stvarnim kori\u0161tenjem Usluga pristajete na uvjete ovog sporazuma, ba\u0161 kao da ste potpisali ovaj ugovor. Ako ne \u017eelite biti vezani ovim ugovorom, nemojte dovr\u0161iti postupak upisa ili nemojte koristiti IT web mjesto Macro Engine.<\/p>\n<h2>Ograni\u010dena licenca<\/h2>\n<p>Cijeli sadr\u017eaj Autorsko pravo (c) 2014-2021 tvrtke Macro Engine IT. Sva prava pridr\u017eana.<\/p>\n<p>Tekstovi, grafikoni, ilustracije i druge prezentacije u bilo kojem obliku na na\u0161em web mjestu vlasni\u0161tvo su tvrtke Macro Engine IT. Izri\u010dito je zabranjeno reproduciranje, distribucija, prodaja, izmjena ili redizajn prezentacija na ovim adresama bez na\u0161eg pismenog odobrenja.<\/p>\n<p>Ova web stranica mo\u017ee sadr\u017eavati poveznice na web stranice tre\u0107ih strana. Pristup bilo kojoj drugoj internetskoj stranici povezanoj na ovu web stranicu na vlastiti je rizik korisnika, a Macro Engine IT nije odgovoran za to\u010dnost bilo kakvih informacija, podataka, mi\u0161ljenja, savjeta ili izjava na tim web mjestima.<\/p>\n<p>Macro Engine IT ne daje jamstvo. Macro Engine IT pru\u017ea web mjestu &#8220;takvo kakvo je&#8221;, &#8220;sa svim gre\u0161kama&#8221; i &#8220;onoliko koliko je dostupno&#8221;, a cjelokupni rizik u pogledu zadovoljavaju\u0107e kvalitete, performansi, to\u010dnosti i truda le\u017ei na vama. U maksimalnoj mjeri dopu\u0161tenoj primjenjivim zakonom, IT stranke Macro Enginea ne daju izjave, jamstva ili uvjete, izra\u017eene ili podrazumijevane, uklju\u010duju\u0107i, bez ograni\u010denja:<\/p>\n<p>&#8211; Jamstva ili uvjeti prodajnosti, prikladnost za odre\u0111enu svrhu, radni\u010dki napor, to\u010dnost, titula, tiho u\u017eivanje, bez tereta, zalo\u017enog prava i nekr\u0161enja.<\/p>\n<p>&#8211; Jamstva ili uvjeti koji proizlaze iz trgovanja ili kori\u0161tenja trgovine.<\/p>\n<p>&#8211; Jamstva ili uvjeti koji pristupaju &#8211; ili koriste IT web stranice Macro Engine bit \u0107e neprekinuti ili bez pogre\u0161aka. Ne postoje nikakva jamstva koja prelaze lice ovog sporazuma.<\/p>\n<h3>Ograni\u010denje odgovornosti<\/h3>\n<p>Macro Engine IT ni u kojem slu\u010daju ne\u0107e biti odgovoran za bilo kakvu \u0161tetu, uklju\u010duju\u0107i, bez ograni\u010denja, neizravne posljedi\u010dne, posebne slu\u010dajne ili kaznene \u0161tete koje proizlaze iz, temelje se na ili su proiza\u0161le iz ovog sporazuma ili va\u0161e upotrebe web stranice Macro Engine IT, \u010dak i ako takva je stranka Macro Enginea obavije\u0161tena o mogu\u0107nosti takve \u0161tete. Izuzimanje \u0161tete prema ovom odjeljku neovisno je o va\u0161em isklju\u010divom pravnom lijeku i opstaje u slu\u010daju da takav pravni lijek propadne zbog svoje osnovne svrhe ili se na drugi na\u010din smatra neprovedivim. Ova ograni\u010denja i izuze\u0107a primjenjuju se neovisno o tome proizlazi li \u0161teta iz:<\/p>\n<p>&#8211; raskid ugovora;<\/p>\n<p>&#8211; kr\u0161enje jamstava;<\/p>\n<p>&#8211; nemara;<\/p>\n<p>&#8211; bilo koji drugi uzrok radnje, u mjeri u kojoj takva izuze\u0107a i ograni\u010denja nisu zabranjena va\u017ee\u0107im zakonom.<\/p>\n<p>Ako ste nezadovoljni internetskom stranicom Macro Engine IT, ne sla\u017eete se ni s jednim dijelom ovog sporazuma, ili imate bilo koji drugi spor ili zahtjev sa ili protiv Macro Engine IT u vezi s ovim ugovorom ili internetskom stranicom Macro Engine IT ili on-line usluge, tada je va\u0161 jedini i isklju\u010divi pravni lijek prestati koristiti na\u0161u web stranicu. Ako nije izri\u010dito navedeno, ni na koji na\u010din i na bilo koji na\u010din ne jam\u010dimo dostupnost na\u0161ih internetskih usluga. Ako se zatra\u017ei usluga kada razdoblje njezine realizacije nije izri\u010dito odre\u0111eno i \/ ili precizno zakazano, tada \u0107e se s tim zahtjevom i \/ ili uslugama postupati po principu &#8220;prvi do\u0111e-prvi poslu\u017ei&#8221;.<\/p>\n<p>Kada upotrebljavate Macro Engine IT web mjesto, prihva\u0107ate i sla\u017eete se da mi i na\u0161e stranke nismo odgovorni ili odgovorni za:<\/p>\n<p>&#8211; Bilo koji sadr\u017eaj, uklju\u010duju\u0107i, bez ograni\u010denja, bilo koji sadr\u017eaj koji kr\u0161i autorska prava, neto\u010dan, nepristojan, nepristojan, prijete\u0107i, uvredljiv, klevetni\u010dki, krivudav ili nezakonit.<\/p>\n<p>&#8211; Bilo kakvo pona\u0161anje, prijenos ili podaci tre\u0107ih strana.<\/p>\n<p>&#8211; Bilo koji virus ili druge onemogu\u0107avaju\u0107e zna\u010dajke koji utje\u010du na va\u0161 pristup ili upotrebu IT web mjesta Macro Engine.<\/p>\n<p>&#8211; Svaka nekompatibilnost izme\u0111u web mjesta Macro Engine IT i drugih web mjesta, usluga, softvera i hardvera.<\/p>\n<p>&#8211; Sva ka\u0161njenja ili kvarovi koji mogu nastati u pokretanju, provo\u0111enju ili dovr\u0161avanju bilo kakvih prijenosa ili transakcija u vezi s IT web mjestom Macro Engine na to\u010dan ili pravovremen na\u010din.<\/p>\n<p>&#8211; Bilo kakve \u0161tete ili tro\u0161kovi bilo koje vrste koji proizlaze iz ili u bilo kojem osporavanom slu\u010daju uz upotrebu bilo kojih usluga dostupnih od tre\u0107ih strana putem poveznica na IT web mjestu Macro Engine. Sva ograni\u010denja, izuze\u0107a i odricanja odgovornosti ovog sporazuma primjenjuju se u najve\u0107oj mjeri dopu\u0161tenoj mjerodavnim zakonom i nisu nam namijenjena li\u0161avanju bilo kakve obvezne za\u0161tite koja vam je osigurana prema va\u017ee\u0107em zakonu.<\/p>\n<h3>Kori\u0161tenje IT proizvoda ili usluga Macro Engine<\/h3>\n<p>IT zajednica Macro Engine i \/ ili proizvodi mogu moderirati administratori Macro Engine IT zajednice i njene ovla\u0161tene osobe koje zadr\u017eavaju pravo na izvr\u0161avanje potpune uredni\u010dke kontrole nad objavljenim sadr\u017eajem. Slanjem komentara IT zajednici Macro Engine razumijete i sla\u017eete se da mo\u017eemo va\u0161 komentar objaviti u cijelosti, u ure\u0111enoj verziji ili uop\u0107e ne. Svako ure\u0111ivanje izvr\u0161it \u0107e se prvenstveno radi jasno\u0107e, duljine ili brisanja uvredljivog, neprimjerenog ili potencijalno klevetni\u010dkog materijala.<\/p>\n<p>Izjavljujete da komentari koje ste objavili u IT zajednici Macro Engine ne\u0107e klevetati, ugro\u017eavati poslovne tajne ili povjerljive podatke niti kr\u0161iti autorska prava ili druga prava intelektualnog vlasni\u0161tva bilo koje tre\u0107e strane. Sla\u017eete se da \u0107ete braniti, obe\u0161tetiti i dr\u017eati Macro Engine IT ne\u0161kodljivim od i protiv bilo kakvih zahtjeva, gubitaka ili obveza temeljem kr\u0161enja prethodnog predstavljanja.<\/p>\n<p>Sla\u017eete se da ne\u0107ete objavljivati \u200b\u200bnikakve informacije koje mogu kr\u0161iti ili kr\u0161iti prava intelektualnog vlasni\u0161tva bilo koje tre\u0107e strane, uklju\u010duju\u0107i, bez ograni\u010denja, autorska prava, patent, za\u0161titni znak, poslovnu tajnu, moralna prava, vlasni\u010dka prava ili prava javnosti ili privatnosti ili sadr\u017ee opscenost, pornografski ili na bilo koji drugi na\u010din zapaljiv ili koji sadr\u017ei bilo kakve viruse, trojanske konje, crve, tempirane bombe, bonove za otkazivanje ili druge rutine ra\u010dunalnog programiranja koje su namijenjene o\u0161te\u0107enju, \u0161tetnom ometanju, tajnom presretanju ili izvla\u0161tenju bilo kojeg sustava, podataka ili osobnih podataka, ili koje je materijalno la\u017eno, obmanjuju\u0107e ili neto\u010dno. Ove se usluge ne smiju koristiti kao poslovni poziv.<\/p>\n<p>Poruke, komentari ili revizije objavljene na IT blogu Macro Engine ne mogu se unaprijed pregledati. Macro Engine IT ili organizacija tre\u0107e strane koju Macro Engine IT mo\u017ee imenovati za moderiranje odre\u0111ene usluge, svaka zadr\u017eava pravo, iako nema obvezu, nadzirati sadr\u017eaj na cijelom web mjestu (ili odre\u0111enom forumu, prema potrebi) i ukloniti bilo koji sadr\u017eaj za koji Macro Engine IT ili takva organizacija tre\u0107e strane, prema vlastitom naho\u0111enju, utvrdi da je \u0161tetan, uvredljiv, klevetni\u010dki, klevetni\u010dki, ilegalno prijeti ili uznemirava ili koji sadr\u017ei opscenost, pornografiju ili je na drugi na\u010din zapaljiv; \u0161to mo\u017ee stvoriti odgovornost za Macro Engine IT; ili nije povezan s namjerom zajednice ili na bilo koji drugi na\u010din kr\u0161i politike prihvatljive upotrebe Macro Engine IT-a.<\/p>\n<p>Prihva\u0107ate i sla\u017eete se da je sve objavljeno na web mjestu Macro Engine IT do trenutka objavljivanja na web mjestu Macro Engine IT intelektualno vlasni\u0161tvo tvrtke Macro Engine IT. Ovime dajete tvrtki Macro Engine IT svjetsku, trajnu, neopozivu, bez licencnih prava, podlicenciraju\u0107u (putem vi\u0161e nivoa) licencu za provedbu, distribuciju, reprodukciju, prilagodbu, izmjenu, prijevod, objavljivanje, javno izvo\u0111enje, javno prikazivanje i upotrebu takvih podataka u na bilo koji na\u010din koji smatra prikladnim.<\/p>\n<p>Sla\u017eete se da ova licenca uklju\u010duje pravo za Macro Engine IT da takav Sadr\u017eaj u\u010dini dostupnim drugim tvrtkama, organizacijama ili pojedincima s kojima Macro Engine IT ima veze za pru\u017eanje sindiciranih usluga i da koristi takav Sadr\u017eaj u vezi s pru\u017eanjem tih usluge. Potvr\u0111ujete i jam\u010dite tvrtki Macro Engine IT da imate sva prava, ovlasti i ovlasti potrebna za dodjelu gore navedene licence.<\/p>\n<p>Komentari ili mi\u0161ljenja izra\u017eeni na Mac Community Engine IT zajednici, uklju\u010duju\u0107i IT proizvode i \/ ili usluge Macro Engine, samo su komentari njihovih suradnika. Stavovi koje su iznijeli vanjski suradnici ne predstavljaju stavove Macro Engine IT-a, njegovog menad\u017ementa, zaposlenika ili bilo koga s predmetima povezanim s Macro Engine IT-om. Macro Engine IT nije odgovoran i odri\u010de se bilo kakve odgovornosti za sadr\u017eaj komentara napisanih od strane vanjskih suradnika za Macro Engine IT zajednicu.<\/p>\n<h2>Pravila prihvatljive upotrebe za Macro Engine IT<\/h2>\n<p>Ova pravila prihvatljive uporabe (\u201eAUP\u201c) utvr\u0111uju na\u010dela koja reguliraju upotrebu proizvoda i usluga zasnovanih na webu koje pru\u017ea Macro Engine IT od strane kupaca.<\/p>\n<h3>Op\u0107a kr\u0161enja<\/h3>\n<p>Ovaj AUP identificira radnje koje Macro Engine IT smatra zabranjenim radnjama (\u0161to zna\u010di one radnje koje stvaraju uskra\u0107ivanje pristupa ili prepreku pru\u017eanju usluge).<\/p>\n<h3>Zabranjene radnje: Op\u0107i uvjeti i odredbe<\/h3>\n<p>&#8211; Kopiranje \/ umno\u017eavanje licenciranog proizvoda ili stvaranje podskupova ili izvedenih baza podataka iz licenciranih proizvoda.<\/p>\n<p>&#8211; Dodjeljivanje, prodaja ili proslje\u0111ivanje licenciranog proizvoda.<\/p>\n<p>&#8211; Objavljivanje ili \u0161irenje licenciranog proizvoda na bilo koji drugi na\u010din ili stvaranje podskupova ili derivata licenciranih proizvoda.<\/p>\n<p>&#8211; Pru\u017eanje usluga uz naknadu koriste\u0107i Licencirani proizvod ili bilo koji njegov podskup ili derivate.<\/p>\n<p>&#8211; Omogu\u0107avanje da podaci iz Licenciranog proizvoda budu dostupni drugima ili preuzimanje Licenciranog proizvoda na bilo koji elektroni\u010dki medij za pohranu ili distribucija ili prijenos Licenciranog proizvoda ili njegovih derivata u bilo kojem obliku (tiskani, elektroni\u010dki preneseni, objavljeni na slu\u017ebama javnog popisa ili oglasnim plo\u010dama ili magnetski pohranjeni) drugima ili u korist drugih.<\/p>\n<p>&#8211; Neovla\u0161tena distribucija lozinki i \/ ili pristupnih kodova.<\/p>\n<h3>Zabranjene radnje: La\u017eno predstavljanje \/ krivotvorenje<\/h3>\n<p>&#8211; Dodavanje, uklanjanje ili modificiranje identificiranja podataka zaglavlja mre\u017ee u poku\u0161aju obmane ili zavaravanja.<\/p>\n<p>&#8211; Poku\u0161aj la\u017enog predstavljanja bilo koje osobe kori\u0161tenjem krivotvorenih zaglavlja ili drugih identifikacijskih podataka.<\/p>\n<h3>Zabranjene radnje: Mre\u017ene neprijateljske aktivnosti<\/h3>\n<p>&#8211; Zabranjene su bilo kakve aktivnosti koje negativno utje\u010du na sposobnost drugih ljudi ili sustava da koriste informati\u010dke usluge Macro Engine ili Internet. To uklju\u010duje napade &#8220;uskra\u0107ivanja usluge&#8221; na IT poslu\u017eitelje Macro Engine, mre\u017ene hostove ili bilo kojeg pojedina\u010dnog korisnika.<\/p>\n<p>&#8211; Kori\u0161tenje bilo kojeg programa \/ skripte \/ naredbe ili slanje bilo koje vrste poruke namijenjene ometanju korisnikove sesije, na bilo koji na\u010din, lokalno ili putem interneta.<\/p>\n<h3>Zabranjene radnje: Kontrola pristupa i provjera autenti\u010dnosti<\/h3>\n<p>&#8211; Poku\u0161aj zaobila\u017eenja provjere autenti\u010dnosti korisnika ili sigurnosti bilo kojeg doma\u0107ina, mre\u017ee ili ra\u010duna strogo je zabranjen. To uklju\u010duje, ali nije ograni\u010deno na, pristup podacima koji nisu namijenjeni kupcu, prijava na poslu\u017eitelj ili ra\u010dun koji kupac nije izri\u010dito ovla\u0161ten za pristup ili ispitivanje sigurnosti IT poslu\u017eitelja i mre\u017ea Macro Engine.<\/p>\n<h3>Ovrha<\/h3>\n<p>Macro Engine IT zadr\u017eava pravo nadziranja pristupa Internetu Macro Engine IT uslugama od strane ovla\u0161tenih korisnika, kao dio uobi\u010dajenog tijeka svoje poslovne prakse. Ako Macro Engine IT otkrije korisnike koji sudjeluju u zabranjenim radnjama kako je gore navedeno, a koji stvaraju uskra\u0107ivanje pristupa ili prepreku pru\u017eanju usluga i koji negativno utje\u010du na sposobnost pru\u017eanja usluga Macro Engineu, pridr\u017eavamo pravo privremenog suspendiranja pristupa korisnika IT poslu\u017eitelji i \/ ili usluge ili proizvodi Macro Engine. Macro Engine IT \u0107e dostaviti Korisniku elektroni\u010dku obavijest o privremenoj obustavi i njenom uzroku \u0161to je prije mogu\u0107e. Ova privremena suspenzija ostat \u0107e na snazi \u200b\u200bsve dok zabranjene radnje ne prestanu.<\/p>\n<p>Macro Engine IT d.o.o.<br \/>\nVelja\u010de 2021[\/vc_column_text][\/vc_column][\/vc_row]<\/p>\n","protected":false},"excerpt":{"rendered":"<p>[vc_row full_width=&#8221;fullwidth&#8221; techland_align_items=&#8221;&#8221; techland_lg_align_items=&#8221;&#8221; techland_md_align_items=&#8221;&#8221; techland_sm_align_items=&#8221;&#8221;][vc_column][\/vc_column][\/vc_row][vc_row techland_align_items=&#8221;&#8221; techland_lg_align_items=&#8221;&#8221; techland_md_align_items=&#8221;&#8221; techland_sm_align_items=&#8221;&#8221; css=&#8221;.vc_custom_1589883733808{margin-top: 100px !important;margin-bottom: 100px !important;}&#8221;][vc_column][vc_column_text]Ovi se Op\u0107i uvjeti primjenjuju na IT zajednicu Macro Engine i na sve internetske proizvode i usluge Macro Engine IT. Uvjete mo\u017eete prihvatiti: &#8211; klik za prihva\u0107anje ili prihva\u0107anje Uvjeta, gdje je ova opcija dostupna; &#8211; stvarnim kori\u0161tenjem Usluga. U ovom&#8230;<\/p>\n","protected":false},"author":1,"featured_media":0,"parent":0,"menu_order":0,"comment_status":"closed","ping_status":"closed","template":"custom-page.php","meta":[],"yoast_head":"<!-- This site is optimized with the Yoast SEO plugin v15.8 - https:\/\/yoast.com\/wordpress\/plugins\/seo\/ -->\n<title>Uvjeti kori\u0161tenja - Macro Engine IT<\/title>\n<meta name=\"robots\" content=\"noindex, follow, max-snippet:-1, max-image-preview:large, max-video-preview:-1\" \/>\n<meta property=\"og:locale\" content=\"hr_HR\" \/>\n<meta property=\"og:type\" content=\"article\" \/>\n<meta property=\"og:title\" content=\"Uvjeti kori\u0161tenja - Macro Engine IT\" \/>\n<meta property=\"og:description\" content=\"[vc_row full_width=&#8221;fullwidth&#8221; techland_align_items=&#8221;&#8221; techland_lg_align_items=&#8221;&#8221; techland_md_align_items=&#8221;&#8221; techland_sm_align_items=&#8221;&#8221;][vc_column][\/vc_column][\/vc_row][vc_row techland_align_items=&#8221;&#8221; techland_lg_align_items=&#8221;&#8221; techland_md_align_items=&#8221;&#8221; techland_sm_align_items=&#8221;&#8221; css=&#8221;.vc_custom_1589883733808{margin-top: 100px !important;margin-bottom: 100px !important;}&#8221;][vc_column][vc_column_text]Ovi se Op\u0107i uvjeti primjenjuju na IT zajednicu Macro Engine i na sve internetske proizvode i usluge Macro Engine IT. Uvjete mo\u017eete prihvatiti: &#8211; klik za prihva\u0107anje ili prihva\u0107anje Uvjeta, gdje je ova opcija dostupna; &#8211; stvarnim kori\u0161tenjem Usluga. U ovom...\" \/>\n<meta property=\"og:url\" content=\"https:\/\/www.macroengineit.com\/hr\/uvjeti-koristenja\" \/>\n<meta property=\"og:site_name\" content=\"Macro Engine IT\" \/>\n<meta property=\"article:modified_time\" content=\"2021-02-16T11:47:18+00:00\" \/>\n<meta name=\"twitter:card\" content=\"summary_large_image\" \/>\n<meta name=\"twitter:label1\" content=\"Procijenjeno vrijeme \u010ditanja\">\n\t<meta name=\"twitter:data1\" content=\"8 minuta\">\n<script type=\"application\/ld+json\" class=\"yoast-schema-graph\">{\"@context\":\"https:\/\/schema.org\",\"@graph\":[{\"@type\":\"WebSite\",\"@id\":\"https:\/\/www.macroengineit.com\/hr\/#website\",\"url\":\"https:\/\/www.macroengineit.com\/hr\/\",\"name\":\"Macro Engine IT\",\"description\":\"\",\"potentialAction\":[{\"@type\":\"SearchAction\",\"target\":\"https:\/\/www.macroengineit.com\/hr\/?s={search_term_string}\",\"query-input\":\"required name=search_term_string\"}],\"inLanguage\":\"hr\"},{\"@type\":\"WebPage\",\"@id\":\"https:\/\/www.macroengineit.com\/hr\/uvjeti-koristenja#webpage\",\"url\":\"https:\/\/www.macroengineit.com\/hr\/uvjeti-koristenja\",\"name\":\"Uvjeti kori\\u0161tenja - Macro Engine IT\",\"isPartOf\":{\"@id\":\"https:\/\/www.macroengineit.com\/hr\/#website\"},\"datePublished\":\"2020-05-19T10:20:17+00:00\",\"dateModified\":\"2021-02-16T11:47:18+00:00\",\"breadcrumb\":{\"@id\":\"https:\/\/www.macroengineit.com\/hr\/uvjeti-koristenja#breadcrumb\"},\"inLanguage\":\"hr\",\"potentialAction\":[{\"@type\":\"ReadAction\",\"target\":[\"https:\/\/www.macroengineit.com\/hr\/uvjeti-koristenja\"]}]},{\"@type\":\"BreadcrumbList\",\"@id\":\"https:\/\/www.macroengineit.com\/hr\/uvjeti-koristenja#breadcrumb\",\"itemListElement\":[{\"@type\":\"ListItem\",\"position\":1,\"item\":{\"@type\":\"WebPage\",\"@id\":\"https:\/\/www.macroengineit.com\/hr\/uvjeti-koristenja\",\"url\":\"https:\/\/www.macroengineit.com\/hr\/uvjeti-koristenja\",\"name\":\"Uvjeti kori\\u0161tenja\"}}]}]}<\/script>\n<!-- \/ Yoast SEO plugin. -->","_links":{"self":[{"href":"https:\/\/www.macroengineit.com\/hr\/wp-json\/wp\/v2\/pages\/6355"}],"collection":[{"href":"https:\/\/www.macroengineit.com\/hr\/wp-json\/wp\/v2\/pages"}],"about":[{"href":"https:\/\/www.macroengineit.com\/hr\/wp-json\/wp\/v2\/types\/page"}],"author":[{"embeddable":true,"href":"https:\/\/www.macroengineit.com\/hr\/wp-json\/wp\/v2\/users\/1"}],"replies":[{"embeddable":true,"href":"https:\/\/www.macroengineit.com\/hr\/wp-json\/wp\/v2\/comments?post=6355"}],"version-history":[{"count":7,"href":"https:\/\/www.macroengineit.com\/hr\/wp-json\/wp\/v2\/pages\/6355\/revisions"}],"predecessor-version":[{"id":6648,"href":"https:\/\/www.macroengineit.com\/hr\/wp-json\/wp\/v2\/pages\/6355\/revisions\/6648"}],"wp:attachment":[{"href":"https:\/\/www.macroengineit.com\/hr\/wp-json\/wp\/v2\/media?parent=6355"}],"curies":[{"name":"wp","href":"https:\/\/api.w.org\/{rel}","templated":true}]}}