{"id":6334,"date":"2020-05-19T09:21:35","date_gmt":"2020-05-19T09:21:35","guid":{"rendered":"https:\/\/www.macroengineit.com\/hr\/?page_id=6334"},"modified":"2021-02-17T11:02:40","modified_gmt":"2021-02-17T10:02:40","slug":"ublazavanje-ddos","status":"publish","type":"page","link":"https:\/\/www.macroengineit.com\/hr\/ublazavanje-ddos","title":{"rendered":"Ubla\u017eavanje DDoS-a"},"content":{"rendered":"<p>[vc_row full_width=&#8221;fullwidth&#8221; techland_align_items=&#8221;&#8221; techland_lg_align_items=&#8221;&#8221; techland_md_align_items=&#8221;&#8221; techland_sm_align_items=&#8221;&#8221;][vc_column]<div id=\"hero\" class=\"hero breadcrumb-section jarallax text-center\" data-img-src=\"https:\/\/www.macroengineit.com\/hr\/wp-content\/uploads\/2019\/05\/1-1.jpg\" data-res-css=\"\"><div class=\"container\"><h1 class=\"hero__title\"><span>Ubla\u017eavanje DDoS-a<\/span><\/h1><\/div><\/div>[\/vc_column][\/vc_row][vc_row full_width=&#8221;stretch&#8221; rtl_reverse=&#8221;flex-md-row-reverse&#8221; techland_align_items=&#8221;&#8221; techland_lg_align_items=&#8221;&#8221; techland_md_align_items=&#8221;&#8221; techland_sm_align_items=&#8221;&#8221; spacing_toggle=&#8221;yes&#8221; techland_prepadtop=&#8221;section&#8221; el_id=&#8221;about-us-1&#8243;][vc_column offset=&#8221;vc_col-md-6 vc_col-xs-12&#8243;]<div class=\"section-heading  section-heading--dark \"><h6 class=\"__subtitle\">Ubla\u017eavanje dolazne prijetnje<\/h6><h2 class=\"__title\">Sveobuhvatna<br><span> DDoS za\u0161tita<\/span><\/h2><\/div><div class=\"spacer py-3\"><\/div>[vc_column_text]Distribuirani napad uskra\u0107ivanja usluge (eng. <em>DDoS attack<\/em>) zlonamjerni je poku\u0161aj da mre\u017ena usluga postane nedostupna korisnicima, obi\u010dno privremenim prekidanjem usluga poslu\u017eitelja za hosting. Pokre\u0107e se s brojnih ugro\u017eenih ure\u0111aja, \u010desto distribuiranih globalno.<\/p>\n<p>Dopustite nam da za\u0161titimo va\u0161e web stranice, programe ili cijele mre\u017ee.[\/vc_column_text][vc_btn title=&#8221;Kontaktirajte nas&#8221; style=&#8221;button-techland&#8221; techland_btn_style=&#8221;style-2&#8243; techland_vc_btn_size=&#8221;btn-default-size&#8221; spacing_toggle=&#8221;yes&#8221; techland_premartop=&#8221;mt-8&#8243; link=&#8221;url:https%3A%2F%2Fwww.macroengineit.com%2Fhr%2Fkontaktirajte-nas|title:Kontaktirajte%20nas||&#8221;]<div class=\"spacer py-4 d-md-none\"><\/div>[\/vc_column][vc_column techland_alignment=&#8221;text-center&#8221; techland_md_alignment=&#8221;text-md-left&#8221; css_animation=&#8221;none&#8221; offset=&#8221;vc_col-md-6 vc_col-xs-12&#8243;]<figure class=\"image-container js-tilt\" data-tilt-speed=\"600\" data-tilt-max=\"15\" data-tilt-perspective=\"700\"><img class=\"img-fluid\" width=\"381\" height=\"424\" src=\"https:\/\/www.macroengineit.com\/hr\/wp-content\/uploads\/2019\/05\/img_1.png\"data-srcset=\"https:\/\/www.macroengineit.com\/hr\/wp-content\/uploads\/2019\/05\/img_1.png 1x, https:\/\/www.macroengineit.com\/hr\/wp-content\/uploads\/2019\/05\/img_1@2x.png 2x\" alt=\"Demo\" \/><\/figure>[\/vc_column][\/vc_row][vc_row full_width=&#8221;stretch&#8221; rtl_reverse=&#8221;flex-lg-row-reverse&#8221; parallax=&#8221;scroll&#8221; parallax_image=&#8221;62&#8243; content_md_placement=&#8221;justify-content-md-center&#8221; techland_align_items=&#8221;&#8221; techland_lg_align_items=&#8221;align-items-lg-center&#8221; techland_md_align_items=&#8221;&#8221; techland_sm_align_items=&#8221;&#8221; spacing_toggle=&#8221;yes&#8221; techland_prepadtop=&#8221;section&#8221; techland_bg_pos=&#8221;custom&#8221; techland_custom_bg_pos=&#8221;50% 50%&#8221; el_class=&#8221;text-white&#8221;][vc_column offset=&#8221;vc_col-lg-6 vc_col-md-10 vc_col-xs-12&#8243;]<div class=\"section-heading  section-heading--white \"><h6 class=\"__subtitle\">Profesionalci u ubla\u017eavanju DDoS-a<\/h6><h2 class=\"__title\">Za\u0161to<span> vjerovati nama?<\/span><\/h2><\/div><div class=\"spacer py-3\"><\/div>[vc_column_text el_class=&#8221;text-white&#8221;]<span class=\"VIiyi\" lang=\"hr\"><span class=\"JLqJ4b ChMk0b\" data-language-for-alternatives=\"hr\" data-language-to-translate-into=\"en\" data-phrase-index=\"0\">DDoS za\u0161tita tvrtke Macro Engine osigurava web stranice, aplikacije i cijele mre\u017ee, istovremeno osiguravaju\u0107i da performanse legitimnog prometa ne budu ugro\u017eene.<\/span><\/span>[\/vc_column_text][vc_row_inner techland_align_items=&#8221;&#8221; techland_lg_align_items=&#8221;&#8221; techland_md_align_items=&#8221;&#8221; techland_sm_align_items=&#8221;&#8221; spacing_toggle=&#8221;yes&#8221; techland_premartop=&#8221;mt-9&#8243;][vc_column_inner width=&#8221;1\/2&#8243; offset=&#8221;vc_col-xs-12&#8243;]<div class=\"services--s4\"><div class=\"__item\"><div class=\"d-table\"><div class=\"d-table-cell align-middle\"><div class=\"svgicon __ico\" id=\"svg-69e6591a09a88\" data-url=\"https:\/\/www.macroengineit.com\/hr\/wp-content\/uploads\/2019\/05\/services-svg-icon-5-1.svg\" data-draw=\"false\" data-animation=\"false\" data-duration=\"1\" data-width=\"50\" data-height=\"50\" data-color=\"#aefc83\"><\/div><\/div><div class=\"d-table-cell align-middle text-white\"><h4 class=\"__title\">Skalabilnost<\/h4><\/div><\/div><\/div><\/div>[\/vc_column_inner][vc_column_inner width=&#8221;1\/2&#8243; offset=&#8221;vc_col-xs-12&#8243;]<div class=\"services--s4\"><div class=\"__item\"><div class=\"d-table\"><div class=\"d-table-cell align-middle\"><div class=\"svgicon __ico\" id=\"svg-69e6591a09cdc\" data-url=\"https:\/\/www.macroengineit.com\/hr\/wp-content\/uploads\/2019\/05\/services-svg-icon-9.svg\" data-draw=\"false\" data-animation=\"false\" data-duration=\"1\" data-width=\"50\" data-height=\"50\" data-color=\"#f8e980\"><\/div><\/div><div class=\"d-table-cell align-middle \"><h4 class=\"__title\">Pouzdanost<\/h4><\/div><\/div><\/div><\/div>[\/vc_column_inner][vc_column_inner width=&#8221;1\/2&#8243; offset=&#8221;vc_col-xs-12&#8243;]<div class=\"services--s4\"><div class=\"__item\"><div class=\"d-table\"><div class=\"d-table-cell align-middle\"><div class=\"svgicon __ico\" id=\"svg-69e6591a09ef4\" data-url=\"https:\/\/www.macroengineit.com\/hr\/wp-content\/uploads\/2019\/05\/services-svg-icon-7-1.svg\" data-draw=\"false\" data-animation=\"false\" data-duration=\"1\" data-width=\"50\" data-height=\"50\" data-color=\"#ff83d1\"><\/div><\/div><div class=\"d-table-cell align-middle \"><h4 class=\"__title\">Fleksibilnost<\/h4><\/div><\/div><\/div><\/div>[\/vc_column_inner][vc_column_inner width=&#8221;1\/2&#8243; offset=&#8221;vc_col-xs-12&#8243;]<div class=\"services--s4\"><div class=\"__item\"><div class=\"d-table\"><div class=\"d-table-cell align-middle\"><div class=\"svgicon __ico\" id=\"svg-69e6591a0a110\" data-url=\"https:\/\/www.macroengineit.com\/hr\/wp-content\/uploads\/2019\/05\/services-svg-icon-8-1.svg\" data-draw=\"false\" data-animation=\"false\" data-duration=\"1\" data-width=\"50\" data-height=\"50\" data-color=\"#14dfe4\"><\/div><\/div><div class=\"d-table-cell align-middle \"><h4 class=\"__title\">Veli\u010dina mre\u017ee<\/h4><\/div><\/div><\/div><\/div>[\/vc_column_inner][\/vc_row_inner][\/vc_column][vc_column techland_alignment=&#8221;text-center&#8221; techland_lg_alignment=&#8221;text-lg-left&#8221; offset=&#8221;vc_col-lg-6 vc_col-xs-12&#8243;]<div class=\"spacer py-5 d-lg-none\"><\/div><figure class=\"image-container js-tilt\" data-tilt-speed=\"600\" data-tilt-max=\"15\" data-tilt-perspective=\"700\"><img class=\"img-fluid\" width=\"472\" height=\"454\" src=\"https:\/\/www.macroengineit.com\/hr\/wp-content\/uploads\/2019\/05\/img_12.png\"data-srcset=\"https:\/\/www.macroengineit.com\/hr\/wp-content\/uploads\/2019\/05\/img_12.png 1x, https:\/\/www.macroengineit.com\/hr\/wp-content\/uploads\/2019\/05\/img_12@2x.png 2x\" alt=\"demo\" \/><\/figure>[\/vc_column][\/vc_row][vc_row full_width=&#8221;stretch&#8221; techland_align_items=&#8221;&#8221; techland_lg_align_items=&#8221;&#8221; techland_md_align_items=&#8221;&#8221; techland_sm_align_items=&#8221;&#8221; ex_bg_toggle=&#8221;yes&#8221; techland_lg_bgpos=&#8221;custom&#8221; spacing_toggle=&#8221;yes&#8221; techland_prepadtop=&#8221;section&#8221; techland_prepadbot=&#8221;pb-0&#8243; css=&#8221;.vc_custom_1558811037666{background-image: url(https:\/\/ninetheme.com\/themes\/techland\/wp-content\/uploads\/2019\/05\/base_bg_4_3.png?id=951) !important;background-position: center !important;background-repeat: no-repeat !important;background-size: cover !important;}&#8221; techland_lg_custom_bgpos=&#8221;50% 50%&#8221; el_id=&#8221;blog&#8221;][vc_column]<div class=\"section-heading  section-heading--dark \"><h6 class=\"__subtitle\">Blog i vijesti<\/h6><h2 class=\"__title\">Macro Engine IT<span> \u2014 Blog<\/span><\/h2><\/div><div class=\"spacer py-6\"><\/div><div class=\"posts posts--s3\"><div class=\"__inner\"><div class=\"row\"><div class=\"col-12 col-sm-6 col-lg-4 col-xl-3 nt-post  post-968 post type-post status-publish format-standard has-post-thumbnail hentry category-it-cyber-sigurnost tag-cyber-sigurnost tag-ddos-napadi tag-ddos-zastita tag-ublazavanje-ddosa nt-default-format-box  nt-post-class \"><div class=\"__item __item--preview __item--rounded __item--shadow\"><div class=\"__header\"><figure class=\"__image __image--rounded\"><a href=\"https:\/\/www.macroengineit.com\/hr\/ddos-zastita-nikada-nije-bila-vaznija\"><img src=\"https:\/\/www.macroengineit.com\/hr\/wp-content\/uploads\/2019\/05\/ddos-protection-importance.jpg\" alt=\"Va\u017enost DDoS za\u0161tite\"><\/a><\/figure><\/div><div class=\"__body\"><div class=\"__content\"><div class=\"post-meta\"><span class=\"post-meta__item __date-post\">05\/12\/2020<\/span><\/div><h4 class=\"__title\"><a href=\"https:\/\/www.macroengineit.com\/hr\/ddos-zastita-nikada-nije-bila-vaznija\" title=\"DDoS za\u0161tita nikada nije bila va\u017enija\">DDoS za\u0161tita nikada nije bila va\u017enija<\/a><\/h4><\/div><\/div><\/div><\/div><div class=\"col-12 col-sm-6 col-lg-4 col-xl-3 nt-post  post-974 post type-post status-publish format-standard has-post-thumbnail hentry category-it-cyber-sigurnost tag-cyber-sigurnost tag-zastita tag-zlonamjerni-softver nt-default-format-box  nt-post-class \"><div class=\"__item __item--preview __item--rounded __item--shadow\"><div class=\"__header\"><figure class=\"__image __image--rounded\"><a href=\"https:\/\/www.macroengineit.com\/hr\/napredna-zastita-od-zlonamjernog-softvera\"><img src=\"https:\/\/www.macroengineit.com\/hr\/wp-content\/uploads\/2019\/05\/blog-advanced-malware-protection.jpg\" alt=\"Napredna za\u0161tita od zlonamjernog softvera (blog)\"><\/a><\/figure><\/div><div class=\"__body\"><div class=\"__content\"><div class=\"post-meta\"><span class=\"post-meta__item __date-post\">14\/11\/2020<\/span><\/div><h4 class=\"__title\"><a href=\"https:\/\/www.macroengineit.com\/hr\/napredna-zastita-od-zlonamjernog-softvera\" title=\"Napredna za\u0161tita od zlonamjernog softvera u rje\u0161enju zasnovanom na oblaku\">Napredna za\u0161tita od zlonamjernog softvera u rje\u0161enju zasnovanom na oblaku<\/a><\/h4><\/div><\/div><\/div><\/div><div class=\"col-12 col-sm-6 col-lg-4 col-xl-3 nt-post  post-6536 post type-post status-publish format-standard has-post-thumbnail hentry category-it-cyber-sigurnost tag-cyber-sigurnost tag-sigurnost-u-oblaku nt-default-format-box  nt-post-class \"><div class=\"__item __item--preview __item--rounded __item--shadow\"><div class=\"__header\"><figure class=\"__image __image--rounded\"><a href=\"https:\/\/www.macroengineit.com\/hr\/put-do-sigurnosti-u-oblaku\"><img src=\"https:\/\/www.macroengineit.com\/hr\/wp-content\/uploads\/2020\/11\/path-to-cloud-security.jpg\" alt=\"Put do sigurnosti u oblaku\"><\/a><\/figure><\/div><div class=\"__body\"><div class=\"__content\"><div class=\"post-meta\"><span class=\"post-meta__item __date-post\">10\/10\/2020<\/span><\/div><h4 class=\"__title\"><a href=\"https:\/\/www.macroengineit.com\/hr\/put-do-sigurnosti-u-oblaku\" title=\"Put do sigurnosti u oblaku: kako mo\u017eemo pomo\u0107i?\">Put do sigurnosti u oblaku: kako mo\u017eemo pomo\u0107i?<\/a><\/h4><\/div><\/div><\/div><\/div><div class=\"col-12 col-sm-6 col-lg-4 col-xl-3 nt-post  post-965 post type-post status-publish format-standard has-post-thumbnail hentry category-it-cyber-sigurnost tag-cyber-sigurnost tag-zastita nt-default-format-box  nt-post-class \"><div class=\"__item __item--preview __item--rounded __item--shadow\"><div class=\"__header\"><figure class=\"__image __image--rounded\"><a href=\"https:\/\/www.macroengineit.com\/hr\/kako-se-bavimo-cyber-sigurnoscu\"><img src=\"https:\/\/www.macroengineit.com\/hr\/wp-content\/uploads\/2019\/05\/dealing-with-cyber-security.jpg\" alt=\"Suo\u010davanje s cyber sigurno\u0161\u0107u\"><\/a><\/figure><\/div><div class=\"__body\"><div class=\"__content\"><div class=\"post-meta\"><span class=\"post-meta__item __date-post\">20\/09\/2020<\/span><\/div><h4 class=\"__title\"><a href=\"https:\/\/www.macroengineit.com\/hr\/kako-se-bavimo-cyber-sigurnoscu\" title=\"Kako se bavimo cyber sigurno\u0161\u0107u?\">Kako se bavimo cyber sigurno\u0161\u0107u?<\/a><\/h4><\/div><\/div><\/div><\/div><\/div><\/div><\/div>[\/vc_column][\/vc_row][vc_row full_width=&#8221;stretch&#8221; rtl_reverse=&#8221;flex-md-row-reverse&#8221; techland_align_items=&#8221;&#8221; techland_lg_align_items=&#8221;&#8221; techland_md_align_items=&#8221;&#8221; techland_sm_align_items=&#8221;&#8221; spacing_toggle=&#8221;yes&#8221; techland_prepadtop=&#8221;section&#8221; techland_prepadbot=&#8221;section&#8221; el_id=&#8221;brands&#8221;][vc_column][vc_row_inner content_sm_placement=&#8221;justify-content-sm-around&#8221; techland_align_items=&#8221;align-items-center&#8221; techland_lg_align_items=&#8221;&#8221; techland_md_align_items=&#8221;&#8221; techland_sm_align_items=&#8221;&#8221; css=&#8221;.vc_custom_1558361283045{margin-bottom: -30px !important;}&#8221;][vc_column_inner width=&#8221;1\/5&#8243; offset=&#8221;vc_col-xs-6&#8243;][vc_single_image image=&#8221;6299&#8243; img_size=&#8221;130&#215;55&#8243; alignment=&#8221;center&#8221; el_class=&#8221;has-opacity&#8221; css=&#8221;.vc_custom_1588773988831{margin-bottom: 30px !important;}&#8221;][\/vc_column_inner][vc_column_inner width=&#8221;1\/5&#8243; offset=&#8221;vc_col-xs-6&#8243;][vc_single_image image=&#8221;6298&#8243; img_size=&#8221;140&#215;48&#8243; alignment=&#8221;center&#8221; el_class=&#8221;has-opacity&#8221; css=&#8221;.vc_custom_1588774002127{margin-bottom: 30px !important;}&#8221;][\/vc_column_inner][vc_column_inner width=&#8221;1\/5&#8243; offset=&#8221;vc_col-xs-6&#8243;][vc_single_image image=&#8221;6296&#8243; img_size=&#8221;136&#215;52&#8243; alignment=&#8221;center&#8221; el_class=&#8221;has-opacity&#8221; css=&#8221;.vc_custom_1588774014361{margin-bottom: 30px !important;}&#8221;][\/vc_column_inner][vc_column_inner width=&#8221;1\/5&#8243; offset=&#8221;vc_col-xs-6&#8243;][vc_single_image image=&#8221;6297&#8243; img_size=&#8221;120&#215;63&#8243; alignment=&#8221;center&#8221; el_class=&#8221;has-opacity&#8221; css=&#8221;.vc_custom_1588774025390{margin-bottom: 30px !important;}&#8221;][\/vc_column_inner][vc_column_inner width=&#8221;1\/5&#8243; offset=&#8221;vc_col-xs-12&#8243;][vc_single_image image=&#8221;6295&#8243; img_size=&#8221;140&#215;50&#8243; alignment=&#8221;center&#8221; el_class=&#8221;has-opacity&#8221; css=&#8221;.vc_custom_1588774037179{margin-bottom: 30px !important;}&#8221;][\/vc_column_inner][\/vc_row_inner][\/vc_column][\/vc_row]<\/p>\n","protected":false},"excerpt":{"rendered":"<p>[vc_row full_width=&#8221;fullwidth&#8221; techland_align_items=&#8221;&#8221; techland_lg_align_items=&#8221;&#8221; techland_md_align_items=&#8221;&#8221; techland_sm_align_items=&#8221;&#8221;][vc_column][\/vc_column][\/vc_row][vc_row full_width=&#8221;stretch&#8221; rtl_reverse=&#8221;flex-md-row-reverse&#8221; techland_align_items=&#8221;&#8221; techland_lg_align_items=&#8221;&#8221; techland_md_align_items=&#8221;&#8221; techland_sm_align_items=&#8221;&#8221; spacing_toggle=&#8221;yes&#8221; techland_prepadtop=&#8221;section&#8221; el_id=&#8221;about-us-1&#8243;][vc_column offset=&#8221;vc_col-md-6 vc_col-xs-12&#8243;][vc_column_text]Distribuirani napad uskra\u0107ivanja usluge (eng. DDoS attack) zlonamjerni je poku\u0161aj da mre\u017ena usluga postane nedostupna korisnicima, obi\u010dno privremenim prekidanjem usluga poslu\u017eitelja za hosting. Pokre\u0107e se s brojnih ugro\u017eenih ure\u0111aja, \u010desto distribuiranih globalno. Dopustite nam da za\u0161titimo va\u0161e web stranice,&#8230;<\/p>\n","protected":false},"author":1,"featured_media":0,"parent":0,"menu_order":0,"comment_status":"closed","ping_status":"closed","template":"custom-page.php","meta":[],"yoast_head":"<!-- This site is optimized with the Yoast SEO plugin v15.8 - https:\/\/yoast.com\/wordpress\/plugins\/seo\/ -->\n<title>Ubla\u017eavanje DDoS-a - Macro Engine IT<\/title>\n<meta name=\"robots\" content=\"noindex, follow, max-snippet:-1, max-image-preview:large, max-video-preview:-1\" \/>\n<meta property=\"og:locale\" content=\"hr_HR\" \/>\n<meta property=\"og:type\" content=\"article\" \/>\n<meta property=\"og:title\" content=\"Ubla\u017eavanje DDoS-a - Macro Engine IT\" \/>\n<meta property=\"og:description\" content=\"[vc_row full_width=&#8221;fullwidth&#8221; techland_align_items=&#8221;&#8221; techland_lg_align_items=&#8221;&#8221; techland_md_align_items=&#8221;&#8221; techland_sm_align_items=&#8221;&#8221;][vc_column][\/vc_column][\/vc_row][vc_row full_width=&#8221;stretch&#8221; rtl_reverse=&#8221;flex-md-row-reverse&#8221; techland_align_items=&#8221;&#8221; techland_lg_align_items=&#8221;&#8221; techland_md_align_items=&#8221;&#8221; techland_sm_align_items=&#8221;&#8221; spacing_toggle=&#8221;yes&#8221; techland_prepadtop=&#8221;section&#8221; el_id=&#8221;about-us-1&#8243;][vc_column offset=&#8221;vc_col-md-6 vc_col-xs-12&#8243;][vc_column_text]Distribuirani napad uskra\u0107ivanja usluge (eng. DDoS attack) zlonamjerni je poku\u0161aj da mre\u017ena usluga postane nedostupna korisnicima, obi\u010dno privremenim prekidanjem usluga poslu\u017eitelja za hosting. Pokre\u0107e se s brojnih ugro\u017eenih ure\u0111aja, \u010desto distribuiranih globalno. Dopustite nam da za\u0161titimo va\u0161e web stranice,...\" \/>\n<meta property=\"og:url\" content=\"https:\/\/www.macroengineit.com\/hr\/ublazavanje-ddos\" \/>\n<meta property=\"og:site_name\" content=\"Macro Engine IT\" \/>\n<meta property=\"article:modified_time\" content=\"2021-02-17T10:02:40+00:00\" \/>\n<meta name=\"twitter:card\" content=\"summary_large_image\" \/>\n<meta name=\"twitter:label1\" content=\"Procijenjeno vrijeme \u010ditanja\">\n\t<meta name=\"twitter:data1\" content=\"2 minute\">\n<script type=\"application\/ld+json\" class=\"yoast-schema-graph\">{\"@context\":\"https:\/\/schema.org\",\"@graph\":[{\"@type\":\"WebSite\",\"@id\":\"https:\/\/www.macroengineit.com\/hr\/#website\",\"url\":\"https:\/\/www.macroengineit.com\/hr\/\",\"name\":\"Macro Engine IT\",\"description\":\"\",\"potentialAction\":[{\"@type\":\"SearchAction\",\"target\":\"https:\/\/www.macroengineit.com\/hr\/?s={search_term_string}\",\"query-input\":\"required name=search_term_string\"}],\"inLanguage\":\"hr\"},{\"@type\":\"WebPage\",\"@id\":\"https:\/\/www.macroengineit.com\/hr\/ublazavanje-ddos#webpage\",\"url\":\"https:\/\/www.macroengineit.com\/hr\/ublazavanje-ddos\",\"name\":\"Ubla\\u017eavanje DDoS-a - Macro Engine IT\",\"isPartOf\":{\"@id\":\"https:\/\/www.macroengineit.com\/hr\/#website\"},\"datePublished\":\"2020-05-19T09:21:35+00:00\",\"dateModified\":\"2021-02-17T10:02:40+00:00\",\"breadcrumb\":{\"@id\":\"https:\/\/www.macroengineit.com\/hr\/ublazavanje-ddos#breadcrumb\"},\"inLanguage\":\"hr\",\"potentialAction\":[{\"@type\":\"ReadAction\",\"target\":[\"https:\/\/www.macroengineit.com\/hr\/ublazavanje-ddos\"]}]},{\"@type\":\"BreadcrumbList\",\"@id\":\"https:\/\/www.macroengineit.com\/hr\/ublazavanje-ddos#breadcrumb\",\"itemListElement\":[{\"@type\":\"ListItem\",\"position\":1,\"item\":{\"@type\":\"WebPage\",\"@id\":\"https:\/\/www.macroengineit.com\/hr\/ublazavanje-ddos\",\"url\":\"https:\/\/www.macroengineit.com\/hr\/ublazavanje-ddos\",\"name\":\"Ubla\\u017eavanje DDoS-a\"}}]}]}<\/script>\n<!-- \/ Yoast SEO plugin. -->","_links":{"self":[{"href":"https:\/\/www.macroengineit.com\/hr\/wp-json\/wp\/v2\/pages\/6334"}],"collection":[{"href":"https:\/\/www.macroengineit.com\/hr\/wp-json\/wp\/v2\/pages"}],"about":[{"href":"https:\/\/www.macroengineit.com\/hr\/wp-json\/wp\/v2\/types\/page"}],"author":[{"embeddable":true,"href":"https:\/\/www.macroengineit.com\/hr\/wp-json\/wp\/v2\/users\/1"}],"replies":[{"embeddable":true,"href":"https:\/\/www.macroengineit.com\/hr\/wp-json\/wp\/v2\/comments?post=6334"}],"version-history":[{"count":9,"href":"https:\/\/www.macroengineit.com\/hr\/wp-json\/wp\/v2\/pages\/6334\/revisions"}],"predecessor-version":[{"id":6662,"href":"https:\/\/www.macroengineit.com\/hr\/wp-json\/wp\/v2\/pages\/6334\/revisions\/6662"}],"wp:attachment":[{"href":"https:\/\/www.macroengineit.com\/hr\/wp-json\/wp\/v2\/media?parent=6334"}],"curies":[{"name":"wp","href":"https:\/\/api.w.org\/{rel}","templated":true}]}}