{"id":6322,"date":"2020-05-19T09:03:21","date_gmt":"2020-05-19T09:03:21","guid":{"rendered":"https:\/\/www.macroengineit.com\/hr\/?page_id=6322"},"modified":"2021-02-04T08:49:34","modified_gmt":"2021-02-04T08:49:34","slug":"data-center-i-oblak","status":"publish","type":"page","link":"https:\/\/www.macroengineit.com\/hr\/data-center-i-oblak","title":{"rendered":"Data Centar &#038; Oblak"},"content":{"rendered":"<p>[vc_row full_width=&#8221;fullwidth&#8221; techland_align_items=&#8221;&#8221; techland_lg_align_items=&#8221;&#8221; techland_md_align_items=&#8221;&#8221; techland_sm_align_items=&#8221;&#8221;][vc_column]<div id=\"hero\" class=\"hero breadcrumb-section jarallax text-center\" data-img-src=\"https:\/\/www.macroengineit.com\/hr\/wp-content\/uploads\/2019\/05\/1-1.jpg\" data-res-css=\"\"><div class=\"container\"><h1 class=\"hero__title\"><span>Data Centar &amp; Oblak<\/span><\/h1><\/div><\/div>[\/vc_column][\/vc_row][vc_row full_width=&#8221;stretch&#8221; techland_align_items=&#8221;align-items-center&#8221; techland_lg_align_items=&#8221;&#8221; techland_md_align_items=&#8221;&#8221; techland_sm_align_items=&#8221;&#8221; spacing_toggle=&#8221;yes&#8221; techland_prepadtop=&#8221;section&#8221;][vc_column][vc_row_inner content_placement=&#8221;justify-content-center&#8221; techland_align_items=&#8221;align-items-center&#8221;][vc_column_inner techland_alignment=&#8221;text-center&#8221;]<div class=\"section-heading  section-heading--center section-heading--dark \"><h6 class=\"__subtitle\">Fleksibilan, siguran, pouzdan<\/h6><h2 class=\"__title\">Skaliranje<span> sigurno i u\u010dinkovito<\/span><\/h2><div class=\"__description\">Na\u0161i stru\u010dnjaci za podatkovni centar i oblak pomo\u0107i \u0107e vam da definirate ciljeve i opipljive rezultate koje mo\u017eete posti\u0107i iskori\u0161tavanjem privatne, javne ili hibridne infrastrukture u oblaku. Pobolj\u0161ajte svoje poslovne performanse ve\u0107 danas.<\/div><\/div><div class=\"spacer py-10\"><\/div>[\/vc_column_inner][\/vc_row_inner][vc_row_inner techland_align_items=&#8221;&#8221; techland_lg_align_items=&#8221;&#8221; techland_md_align_items=&#8221;&#8221; techland_sm_align_items=&#8221;&#8221; css=&#8221;.vc_custom_1560184623325{margin-bottom: -65px !important;}&#8221;][vc_column_inner techland_alignment=&#8221;text-center&#8221; width=&#8221;1\/2&#8243; offset=&#8221;vc_col-lg-3 vc_col-md-4 vc_col-xs-12&#8243;]<div class=\"services--s1\"><div class=\"__item \"><div class=\"svgicon icon-box icon-box--circled\" id=\"svg-69e658aba2ff5\" data-url=\"https:\/\/www.macroengineit.com\/hr\/wp-content\/uploads\/2019\/05\/services-svg-icon-1-1.svg\" data-draw=\"false\" data-animation=\"false\" data-duration=\"1\" data-width=\"46\" data-height=\"40\" style=\" background-color: #f2f8fd;\"><\/div><h4 class=\"__title\"><a href=\"http:\/\/www.macroengineit.com\/hr\/data-center-management\" title=\"Data Center Management\">Upravljanje podatkovnim centrom<\/a><\/h4><p>... igra presudnu ulogu u za\u0161titi podataka i njihovoj sigurnosti kako bi se izbjegla kr\u0161enja sigurnosti podataka.<\/p>\n<\/div><\/div>[\/vc_column_inner][vc_column_inner techland_alignment=&#8221;text-center&#8221; width=&#8221;1\/2&#8243; offset=&#8221;vc_col-lg-3 vc_col-md-4 vc_col-xs-12&#8243;]<div class=\"services--s1\"><div class=\"__item \"><div class=\"svgicon icon-box icon-box--circled\" id=\"svg-69e658aba337b\" data-url=\"https:\/\/www.macroengineit.com\/hr\/wp-content\/uploads\/2019\/05\/services-svg-icon-2-1.svg\" data-draw=\"false\" data-animation=\"false\" data-duration=\"1\" data-width=\"40\" data-height=\"40\" style=\" background-color: #edfaf4;\"><\/div><h4 class=\"__title\"><a href=\"http:\/\/www.macroengineit.com\/hr\/data-center-automation\" title=\"Data Center Automation\">Automatizacija podatkovnog centra<\/a><\/h4><p>... rje\u0161enja automatiziraju rutinske doga\u0111aje, rje\u0161avaju probleme kako se dogode ili ih sve zajedno izbjegavaju.<\/p>\n<\/div><\/div>[\/vc_column_inner][vc_column_inner techland_alignment=&#8221;text-center&#8221; width=&#8221;1\/2&#8243; offset=&#8221;vc_col-lg-3 vc_col-md-4 vc_col-xs-12&#8243;]<div class=\"services--s1\"><div class=\"__item \"><div class=\"svgicon icon-box icon-box--circled\" id=\"svg-69e658aba3626\" data-url=\"https:\/\/www.macroengineit.com\/hr\/wp-content\/uploads\/2019\/05\/services-svg-icon-3-1.svg\" data-draw=\"false\" data-animation=\"false\" data-duration=\"1\" data-width=\"40\" data-height=\"50\" style=\" background-color: #fbf6ef;\"><\/div><h4 class=\"__title\"><a href=\"http:\/\/www.macroengineit.com\/hr\/data-center-risk-assessment\" title=\"Data Center Risk Assessment\">Procjena rizika<\/a><\/h4><p>... je sveobuhvatan alat za prepoznavanje, procjenu i ubla\u017eavanje rizika povezanih s zastojima u podatkovnom centru.<\/p>\n<\/div><\/div>[\/vc_column_inner][vc_column_inner techland_alignment=&#8221;text-center&#8221; width=&#8221;1\/2&#8243; offset=&#8221;vc_col-lg-3 vc_col-md-4 vc_col-xs-12&#8243;]<div class=\"services--s1\"><div class=\"__item \"><div class=\"svgicon icon-box icon-box--circled\" id=\"svg-69e658aba37ca\" data-url=\"https:\/\/www.macroengineit.com\/hr\/wp-content\/uploads\/2019\/05\/services-svg-icon-4-2.svg\" data-draw=\"false\" data-animation=\"false\" data-duration=\"1\" data-width=\"40\" data-height=\"50\" style=\" background-color: #fdf2f6;\"><\/div><h4 class=\"__title\"><a href=\"http:\/\/www.macroengineit.com\/hr\/private-cloud-design\" title=\"Private Cloud Design\">Dizajn privatnog oblaka<\/a><\/h4><p>... pru\u017ea sigurnu i elasti\u010dnu infrastrukturu koja najbolje odgovara va\u0161oj poslovno kriti\u010dnoj aplikaciji.<\/p>\n<\/div><\/div>[\/vc_column_inner][\/vc_row_inner][\/vc_column][\/vc_row][vc_row full_width=&#8221;stretch&#8221; rtl_reverse=&#8221;flex-lg-row-reverse&#8221; parallax=&#8221;scroll&#8221; parallax_image=&#8221;62&#8243; content_md_placement=&#8221;justify-content-md-center&#8221; techland_align_items=&#8221;&#8221; techland_lg_align_items=&#8221;align-items-lg-center&#8221; techland_md_align_items=&#8221;&#8221; techland_sm_align_items=&#8221;&#8221; spacing_toggle=&#8221;yes&#8221; techland_prepadtop=&#8221;section&#8221; techland_bg_pos=&#8221;custom&#8221; techland_custom_bg_pos=&#8221;50% 50%&#8221; el_class=&#8221;text-white&#8221;][vc_column offset=&#8221;vc_col-lg-6 vc_col-md-10 vc_col-xs-12&#8243;]<div class=\"section-heading  section-heading--white \"><h6 class=\"__subtitle\">Shvatite prednosti<\/h6><h2 class=\"__title\">Optimizirana<span> infrastruktura podataka<\/span><\/h2><\/div><div class=\"spacer py-3\"><\/div>[vc_column_text el_class=&#8221;text-white&#8221;]Na\u0161 \u0161iroki portfelj za pohranu, ra\u010dunarstvo, sigurnost i umre\u017eavanje nudi najbolje blokove i arhitekture u klasi za rje\u0161avanje va\u0161ih infrastrukturnih potreba uz optimalne ukupne tro\u0161kove vlasni\u0161tva.[\/vc_column_text][vc_row_inner techland_align_items=&#8221;&#8221; techland_lg_align_items=&#8221;&#8221; techland_md_align_items=&#8221;&#8221; techland_sm_align_items=&#8221;&#8221; spacing_toggle=&#8221;yes&#8221; techland_premartop=&#8221;mt-9&#8243;][vc_column_inner width=&#8221;1\/2&#8243; offset=&#8221;vc_col-xs-12&#8243;]<div class=\"services--s4\"><div class=\"__item\"><div class=\"d-table\"><div class=\"d-table-cell align-middle\"><div class=\"svgicon __ico\" id=\"svg-69e658aba396f\" data-url=\"https:\/\/www.macroengineit.com\/hr\/wp-content\/uploads\/2019\/05\/services-svg-icon-5-1.svg\" data-draw=\"false\" data-animation=\"false\" data-duration=\"1\" data-width=\"50\" data-height=\"50\" data-color=\"#aefc83\"><\/div><\/div><div class=\"d-table-cell align-middle text-white\"><h4 class=\"__title\">Visoke performanse<\/h4><\/div><\/div><\/div><\/div>[\/vc_column_inner][vc_column_inner width=&#8221;1\/2&#8243; offset=&#8221;vc_col-xs-12&#8243;]<div class=\"services--s4\"><div class=\"__item\"><div class=\"d-table\"><div class=\"d-table-cell align-middle\"><div class=\"svgicon __ico\" id=\"svg-69e658aba3b0e\" data-url=\"https:\/\/www.macroengineit.com\/hr\/wp-content\/uploads\/2019\/05\/services-svg-icon-9.svg\" data-draw=\"false\" data-animation=\"false\" data-duration=\"1\" data-width=\"50\" data-height=\"50\" data-color=\"#f8e980\"><\/div><\/div><div class=\"d-table-cell align-middle \"><h4 class=\"__title\">Brzo skaliranje<\/h4><\/div><\/div><\/div><\/div>[\/vc_column_inner][vc_column_inner width=&#8221;1\/2&#8243; offset=&#8221;vc_col-xs-12&#8243;]<div class=\"services--s4\"><div class=\"__item\"><div class=\"d-table\"><div class=\"d-table-cell align-middle\"><div class=\"svgicon __ico\" id=\"svg-69e658aba3e4e\" data-url=\"https:\/\/www.macroengineit.com\/hr\/wp-content\/uploads\/2019\/05\/services-svg-icon-7-1.svg\" data-draw=\"false\" data-animation=\"false\" data-duration=\"1\" data-width=\"50\" data-height=\"50\" data-color=\"#ff83d1\"><\/div><\/div><div class=\"d-table-cell align-middle \"><h4 class=\"__title\">Smanjena slo\u017eenost<\/h4><\/div><\/div><\/div><\/div>[\/vc_column_inner][vc_column_inner width=&#8221;1\/2&#8243; offset=&#8221;vc_col-xs-12&#8243;]<div class=\"services--s4\"><div class=\"__item\"><div class=\"d-table\"><div class=\"d-table-cell align-middle\"><div class=\"svgicon __ico\" id=\"svg-69e658aba4004\" data-url=\"https:\/\/www.macroengineit.com\/hr\/wp-content\/uploads\/2019\/05\/services-svg-icon-8-1.svg\" data-draw=\"false\" data-animation=\"false\" data-duration=\"1\" data-width=\"50\" data-height=\"50\" data-color=\"#14dfe4\"><\/div><\/div><div class=\"d-table-cell align-middle \"><h4 class=\"__title\">24\/7 pra\u0107enje<\/h4><\/div><\/div><\/div><\/div>[\/vc_column_inner][\/vc_row_inner][\/vc_column][vc_column techland_alignment=&#8221;text-center&#8221; techland_lg_alignment=&#8221;text-lg-left&#8221; offset=&#8221;vc_col-lg-6 vc_col-xs-12&#8243;]<div class=\"spacer py-5 d-lg-none\"><\/div><figure class=\"image-container js-tilt\" data-tilt-speed=\"600\" data-tilt-max=\"15\" data-tilt-perspective=\"700\"><img class=\"img-fluid\" width=\"472\" height=\"454\" src=\"https:\/\/www.macroengineit.com\/hr\/wp-content\/uploads\/2019\/05\/img_12.png\"data-srcset=\"https:\/\/www.macroengineit.com\/hr\/wp-content\/uploads\/2019\/05\/img_12.png 1x, https:\/\/www.macroengineit.com\/hr\/wp-content\/uploads\/2019\/05\/img_12@2x.png 2x\" alt=\"demo\" \/><\/figure>[\/vc_column][\/vc_row][vc_row full_width=&#8221;stretch&#8221; techland_align_items=&#8221;&#8221; techland_lg_align_items=&#8221;&#8221; techland_md_align_items=&#8221;&#8221; techland_sm_align_items=&#8221;&#8221; ex_bg_toggle=&#8221;yes&#8221; techland_lg_bgpos=&#8221;custom&#8221; spacing_toggle=&#8221;yes&#8221; techland_prepadtop=&#8221;section&#8221; techland_prepadbot=&#8221;pb-0&#8243; css=&#8221;.vc_custom_1558811037666{background-image: url(https:\/\/ninetheme.com\/themes\/techland\/wp-content\/uploads\/2019\/05\/base_bg_4_3.png?id=951) !important;background-position: center !important;background-repeat: no-repeat !important;background-size: cover !important;}&#8221; techland_lg_custom_bgpos=&#8221;50% 50%&#8221; el_id=&#8221;blog&#8221;][vc_column]<div class=\"section-heading  section-heading--dark \"><h6 class=\"__subtitle\">Blog i vijesti<\/h6><h2 class=\"__title\">Macro Engine IT<span> \u2014 Blog<\/span><\/h2><\/div><div class=\"spacer py-6\"><\/div><div class=\"posts posts--s3\"><div class=\"__inner\"><div class=\"row\"><div class=\"col-12 col-sm-6 col-lg-4 col-xl-3 nt-post  post-968 post type-post status-publish format-standard has-post-thumbnail hentry category-it-cyber-sigurnost tag-cyber-sigurnost tag-ddos-napadi tag-ddos-zastita tag-ublazavanje-ddosa nt-default-format-box  nt-post-class \"><div class=\"__item __item--preview __item--rounded __item--shadow\"><div class=\"__header\"><figure class=\"__image __image--rounded\"><a href=\"https:\/\/www.macroengineit.com\/hr\/ddos-zastita-nikada-nije-bila-vaznija\"><img src=\"https:\/\/www.macroengineit.com\/hr\/wp-content\/uploads\/2019\/05\/ddos-protection-importance.jpg\" alt=\"Va\u017enost DDoS za\u0161tite\"><\/a><\/figure><\/div><div class=\"__body\"><div class=\"__content\"><div class=\"post-meta\"><span class=\"post-meta__item __date-post\">05\/12\/2020<\/span><\/div><h4 class=\"__title\"><a href=\"https:\/\/www.macroengineit.com\/hr\/ddos-zastita-nikada-nije-bila-vaznija\" title=\"DDoS za\u0161tita nikada nije bila va\u017enija\">DDoS za\u0161tita nikada nije bila va\u017enija<\/a><\/h4><\/div><\/div><\/div><\/div><div class=\"col-12 col-sm-6 col-lg-4 col-xl-3 nt-post  post-974 post type-post status-publish format-standard has-post-thumbnail hentry category-it-cyber-sigurnost tag-cyber-sigurnost tag-zastita tag-zlonamjerni-softver nt-default-format-box  nt-post-class \"><div class=\"__item __item--preview __item--rounded __item--shadow\"><div class=\"__header\"><figure class=\"__image __image--rounded\"><a href=\"https:\/\/www.macroengineit.com\/hr\/napredna-zastita-od-zlonamjernog-softvera\"><img src=\"https:\/\/www.macroengineit.com\/hr\/wp-content\/uploads\/2019\/05\/blog-advanced-malware-protection.jpg\" alt=\"Napredna za\u0161tita od zlonamjernog softvera (blog)\"><\/a><\/figure><\/div><div class=\"__body\"><div class=\"__content\"><div class=\"post-meta\"><span class=\"post-meta__item __date-post\">14\/11\/2020<\/span><\/div><h4 class=\"__title\"><a href=\"https:\/\/www.macroengineit.com\/hr\/napredna-zastita-od-zlonamjernog-softvera\" title=\"Napredna za\u0161tita od zlonamjernog softvera u rje\u0161enju zasnovanom na oblaku\">Napredna za\u0161tita od zlonamjernog softvera u rje\u0161enju zasnovanom na oblaku<\/a><\/h4><\/div><\/div><\/div><\/div><div class=\"col-12 col-sm-6 col-lg-4 col-xl-3 nt-post  post-6536 post type-post status-publish format-standard has-post-thumbnail hentry category-it-cyber-sigurnost tag-cyber-sigurnost tag-sigurnost-u-oblaku nt-default-format-box  nt-post-class \"><div class=\"__item __item--preview __item--rounded __item--shadow\"><div class=\"__header\"><figure class=\"__image __image--rounded\"><a href=\"https:\/\/www.macroengineit.com\/hr\/put-do-sigurnosti-u-oblaku\"><img src=\"https:\/\/www.macroengineit.com\/hr\/wp-content\/uploads\/2020\/11\/path-to-cloud-security.jpg\" alt=\"Put do sigurnosti u oblaku\"><\/a><\/figure><\/div><div class=\"__body\"><div class=\"__content\"><div class=\"post-meta\"><span class=\"post-meta__item __date-post\">10\/10\/2020<\/span><\/div><h4 class=\"__title\"><a href=\"https:\/\/www.macroengineit.com\/hr\/put-do-sigurnosti-u-oblaku\" title=\"Put do sigurnosti u oblaku: kako mo\u017eemo pomo\u0107i?\">Put do sigurnosti u oblaku: kako mo\u017eemo pomo\u0107i?<\/a><\/h4><\/div><\/div><\/div><\/div><div class=\"col-12 col-sm-6 col-lg-4 col-xl-3 nt-post  post-965 post type-post status-publish format-standard has-post-thumbnail hentry category-it-cyber-sigurnost tag-cyber-sigurnost tag-zastita nt-default-format-box  nt-post-class \"><div class=\"__item __item--preview __item--rounded __item--shadow\"><div class=\"__header\"><figure class=\"__image __image--rounded\"><a href=\"https:\/\/www.macroengineit.com\/hr\/kako-se-bavimo-cyber-sigurnoscu\"><img src=\"https:\/\/www.macroengineit.com\/hr\/wp-content\/uploads\/2019\/05\/dealing-with-cyber-security.jpg\" alt=\"Suo\u010davanje s cyber sigurno\u0161\u0107u\"><\/a><\/figure><\/div><div class=\"__body\"><div class=\"__content\"><div class=\"post-meta\"><span class=\"post-meta__item __date-post\">20\/09\/2020<\/span><\/div><h4 class=\"__title\"><a href=\"https:\/\/www.macroengineit.com\/hr\/kako-se-bavimo-cyber-sigurnoscu\" title=\"Kako se bavimo cyber sigurno\u0161\u0107u?\">Kako se bavimo cyber sigurno\u0161\u0107u?<\/a><\/h4><\/div><\/div><\/div><\/div><\/div><\/div><\/div>[\/vc_column][\/vc_row][vc_row full_width=&#8221;stretch&#8221; rtl_reverse=&#8221;flex-md-row-reverse&#8221; techland_align_items=&#8221;&#8221; techland_lg_align_items=&#8221;&#8221; techland_md_align_items=&#8221;&#8221; techland_sm_align_items=&#8221;&#8221; spacing_toggle=&#8221;yes&#8221; techland_prepadtop=&#8221;section&#8221; techland_prepadbot=&#8221;section&#8221; el_id=&#8221;brands&#8221;][vc_column][vc_row_inner content_sm_placement=&#8221;justify-content-sm-around&#8221; techland_align_items=&#8221;align-items-center&#8221; techland_lg_align_items=&#8221;&#8221; techland_md_align_items=&#8221;&#8221; techland_sm_align_items=&#8221;&#8221; css=&#8221;.vc_custom_1558361283045{margin-bottom: -30px !important;}&#8221;][vc_column_inner width=&#8221;1\/5&#8243; offset=&#8221;vc_col-xs-6&#8243;][vc_single_image image=&#8221;6299&#8243; img_size=&#8221;130&#215;55&#8243; alignment=&#8221;center&#8221; el_class=&#8221;has-opacity&#8221; css=&#8221;.vc_custom_1588773988831{margin-bottom: 30px !important;}&#8221;][\/vc_column_inner][vc_column_inner width=&#8221;1\/5&#8243; offset=&#8221;vc_col-xs-6&#8243;][vc_single_image image=&#8221;6298&#8243; img_size=&#8221;140&#215;48&#8243; alignment=&#8221;center&#8221; el_class=&#8221;has-opacity&#8221; css=&#8221;.vc_custom_1588774002127{margin-bottom: 30px !important;}&#8221;][\/vc_column_inner][vc_column_inner width=&#8221;1\/5&#8243; offset=&#8221;vc_col-xs-6&#8243;][vc_single_image image=&#8221;6296&#8243; img_size=&#8221;136&#215;52&#8243; alignment=&#8221;center&#8221; el_class=&#8221;has-opacity&#8221; css=&#8221;.vc_custom_1588774014361{margin-bottom: 30px !important;}&#8221;][\/vc_column_inner][vc_column_inner width=&#8221;1\/5&#8243; offset=&#8221;vc_col-xs-6&#8243;][vc_single_image image=&#8221;6297&#8243; img_size=&#8221;120&#215;63&#8243; alignment=&#8221;center&#8221; el_class=&#8221;has-opacity&#8221; css=&#8221;.vc_custom_1588774025390{margin-bottom: 30px !important;}&#8221;][\/vc_column_inner][vc_column_inner width=&#8221;1\/5&#8243; offset=&#8221;vc_col-xs-12&#8243;][vc_single_image image=&#8221;6295&#8243; img_size=&#8221;140&#215;50&#8243; alignment=&#8221;center&#8221; el_class=&#8221;has-opacity&#8221; css=&#8221;.vc_custom_1588774037179{margin-bottom: 30px !important;}&#8221;][\/vc_column_inner][\/vc_row_inner][\/vc_column][\/vc_row]<\/p>\n","protected":false},"excerpt":{"rendered":"<p>[vc_row full_width=&#8221;fullwidth&#8221; techland_align_items=&#8221;&#8221; techland_lg_align_items=&#8221;&#8221; techland_md_align_items=&#8221;&#8221; techland_sm_align_items=&#8221;&#8221;][vc_column][\/vc_column][\/vc_row][vc_row full_width=&#8221;stretch&#8221; techland_align_items=&#8221;align-items-center&#8221; techland_lg_align_items=&#8221;&#8221; techland_md_align_items=&#8221;&#8221; techland_sm_align_items=&#8221;&#8221; spacing_toggle=&#8221;yes&#8221; techland_prepadtop=&#8221;section&#8221;][vc_column][vc_row_inner content_placement=&#8221;justify-content-center&#8221; techland_align_items=&#8221;align-items-center&#8221;][vc_column_inner techland_alignment=&#8221;text-center&#8221;][\/vc_column_inner][\/vc_row_inner][vc_row_inner techland_align_items=&#8221;&#8221; techland_lg_align_items=&#8221;&#8221; techland_md_align_items=&#8221;&#8221; techland_sm_align_items=&#8221;&#8221; css=&#8221;.vc_custom_1560184623325{margin-bottom: -65px !important;}&#8221;][vc_column_inner techland_alignment=&#8221;text-center&#8221; width=&#8221;1\/2&#8243; offset=&#8221;vc_col-lg-3 vc_col-md-4 vc_col-xs-12&#8243;][\/vc_column_inner][vc_column_inner techland_alignment=&#8221;text-center&#8221; width=&#8221;1\/2&#8243; offset=&#8221;vc_col-lg-3 vc_col-md-4 vc_col-xs-12&#8243;][\/vc_column_inner][vc_column_inner techland_alignment=&#8221;text-center&#8221; width=&#8221;1\/2&#8243; offset=&#8221;vc_col-lg-3 vc_col-md-4 vc_col-xs-12&#8243;][\/vc_column_inner][vc_column_inner techland_alignment=&#8221;text-center&#8221; width=&#8221;1\/2&#8243; offset=&#8221;vc_col-lg-3 vc_col-md-4 vc_col-xs-12&#8243;][\/vc_column_inner][\/vc_row_inner][\/vc_column][\/vc_row][vc_row full_width=&#8221;stretch&#8221; rtl_reverse=&#8221;flex-lg-row-reverse&#8221; parallax=&#8221;scroll&#8221; parallax_image=&#8221;62&#8243; content_md_placement=&#8221;justify-content-md-center&#8221; techland_align_items=&#8221;&#8221; techland_lg_align_items=&#8221;align-items-lg-center&#8221; techland_md_align_items=&#8221;&#8221; techland_sm_align_items=&#8221;&#8221; spacing_toggle=&#8221;yes&#8221; techland_prepadtop=&#8221;section&#8221; techland_bg_pos=&#8221;custom&#8221;&#8230;<\/p>\n","protected":false},"author":1,"featured_media":0,"parent":0,"menu_order":0,"comment_status":"closed","ping_status":"closed","template":"custom-page.php","meta":[],"yoast_head":"<!-- This site is optimized with the Yoast SEO plugin v15.8 - https:\/\/yoast.com\/wordpress\/plugins\/seo\/ -->\n<title>Data Centar &amp; Oblak - Macro Engine IT<\/title>\n<meta name=\"robots\" content=\"noindex, follow, max-snippet:-1, max-image-preview:large, max-video-preview:-1\" \/>\n<meta property=\"og:locale\" content=\"hr_HR\" \/>\n<meta property=\"og:type\" content=\"article\" \/>\n<meta property=\"og:title\" content=\"Data Centar &amp; Oblak - Macro Engine IT\" \/>\n<meta property=\"og:description\" content=\"[vc_row full_width=&#8221;fullwidth&#8221; techland_align_items=&#8221;&#8221; techland_lg_align_items=&#8221;&#8221; techland_md_align_items=&#8221;&#8221; techland_sm_align_items=&#8221;&#8221;][vc_column][\/vc_column][\/vc_row][vc_row full_width=&#8221;stretch&#8221; techland_align_items=&#8221;align-items-center&#8221; techland_lg_align_items=&#8221;&#8221; techland_md_align_items=&#8221;&#8221; techland_sm_align_items=&#8221;&#8221; spacing_toggle=&#8221;yes&#8221; techland_prepadtop=&#8221;section&#8221;][vc_column][vc_row_inner content_placement=&#8221;justify-content-center&#8221; techland_align_items=&#8221;align-items-center&#8221;][vc_column_inner techland_alignment=&#8221;text-center&#8221;][\/vc_column_inner][\/vc_row_inner][vc_row_inner techland_align_items=&#8221;&#8221; techland_lg_align_items=&#8221;&#8221; techland_md_align_items=&#8221;&#8221; techland_sm_align_items=&#8221;&#8221; css=&#8221;.vc_custom_1560184623325{margin-bottom: -65px !important;}&#8221;][vc_column_inner techland_alignment=&#8221;text-center&#8221; width=&#8221;1\/2&#8243; offset=&#8221;vc_col-lg-3 vc_col-md-4 vc_col-xs-12&#8243;][\/vc_column_inner][vc_column_inner techland_alignment=&#8221;text-center&#8221; width=&#8221;1\/2&#8243; offset=&#8221;vc_col-lg-3 vc_col-md-4 vc_col-xs-12&#8243;][\/vc_column_inner][vc_column_inner techland_alignment=&#8221;text-center&#8221; width=&#8221;1\/2&#8243; offset=&#8221;vc_col-lg-3 vc_col-md-4 vc_col-xs-12&#8243;][\/vc_column_inner][vc_column_inner techland_alignment=&#8221;text-center&#8221; width=&#8221;1\/2&#8243; offset=&#8221;vc_col-lg-3 vc_col-md-4 vc_col-xs-12&#8243;][\/vc_column_inner][\/vc_row_inner][\/vc_column][\/vc_row][vc_row full_width=&#8221;stretch&#8221; rtl_reverse=&#8221;flex-lg-row-reverse&#8221; parallax=&#8221;scroll&#8221; parallax_image=&#8221;62&#8243; content_md_placement=&#8221;justify-content-md-center&#8221; techland_align_items=&#8221;&#8221; techland_lg_align_items=&#8221;align-items-lg-center&#8221; techland_md_align_items=&#8221;&#8221; techland_sm_align_items=&#8221;&#8221; spacing_toggle=&#8221;yes&#8221; techland_prepadtop=&#8221;section&#8221; techland_bg_pos=&#8221;custom&#8221;...\" \/>\n<meta property=\"og:url\" content=\"https:\/\/www.macroengineit.com\/hr\/data-center-i-oblak\" \/>\n<meta property=\"og:site_name\" content=\"Macro Engine IT\" \/>\n<meta property=\"article:modified_time\" content=\"2021-02-04T08:49:34+00:00\" \/>\n<meta name=\"twitter:card\" content=\"summary_large_image\" \/>\n<meta name=\"twitter:label1\" content=\"Procijenjeno vrijeme \u010ditanja\">\n\t<meta name=\"twitter:data1\" content=\"2 minute\">\n<script type=\"application\/ld+json\" class=\"yoast-schema-graph\">{\"@context\":\"https:\/\/schema.org\",\"@graph\":[{\"@type\":\"WebSite\",\"@id\":\"https:\/\/www.macroengineit.com\/hr\/#website\",\"url\":\"https:\/\/www.macroengineit.com\/hr\/\",\"name\":\"Macro Engine IT\",\"description\":\"\",\"potentialAction\":[{\"@type\":\"SearchAction\",\"target\":\"https:\/\/www.macroengineit.com\/hr\/?s={search_term_string}\",\"query-input\":\"required name=search_term_string\"}],\"inLanguage\":\"hr\"},{\"@type\":\"WebPage\",\"@id\":\"https:\/\/www.macroengineit.com\/hr\/data-center-i-oblak#webpage\",\"url\":\"https:\/\/www.macroengineit.com\/hr\/data-center-i-oblak\",\"name\":\"Data Centar & Oblak - Macro Engine IT\",\"isPartOf\":{\"@id\":\"https:\/\/www.macroengineit.com\/hr\/#website\"},\"datePublished\":\"2020-05-19T09:03:21+00:00\",\"dateModified\":\"2021-02-04T08:49:34+00:00\",\"breadcrumb\":{\"@id\":\"https:\/\/www.macroengineit.com\/hr\/data-center-i-oblak#breadcrumb\"},\"inLanguage\":\"hr\",\"potentialAction\":[{\"@type\":\"ReadAction\",\"target\":[\"https:\/\/www.macroengineit.com\/hr\/data-center-i-oblak\"]}]},{\"@type\":\"BreadcrumbList\",\"@id\":\"https:\/\/www.macroengineit.com\/hr\/data-center-i-oblak#breadcrumb\",\"itemListElement\":[{\"@type\":\"ListItem\",\"position\":1,\"item\":{\"@type\":\"WebPage\",\"@id\":\"https:\/\/www.macroengineit.com\/hr\/data-center-i-oblak\",\"url\":\"https:\/\/www.macroengineit.com\/hr\/data-center-i-oblak\",\"name\":\"Data Centar &#038; Oblak\"}}]}]}<\/script>\n<!-- \/ Yoast SEO plugin. -->","_links":{"self":[{"href":"https:\/\/www.macroengineit.com\/hr\/wp-json\/wp\/v2\/pages\/6322"}],"collection":[{"href":"https:\/\/www.macroengineit.com\/hr\/wp-json\/wp\/v2\/pages"}],"about":[{"href":"https:\/\/www.macroengineit.com\/hr\/wp-json\/wp\/v2\/types\/page"}],"author":[{"embeddable":true,"href":"https:\/\/www.macroengineit.com\/hr\/wp-json\/wp\/v2\/users\/1"}],"replies":[{"embeddable":true,"href":"https:\/\/www.macroengineit.com\/hr\/wp-json\/wp\/v2\/comments?post=6322"}],"version-history":[{"count":15,"href":"https:\/\/www.macroengineit.com\/hr\/wp-json\/wp\/v2\/pages\/6322\/revisions"}],"predecessor-version":[{"id":6608,"href":"https:\/\/www.macroengineit.com\/hr\/wp-json\/wp\/v2\/pages\/6322\/revisions\/6608"}],"wp:attachment":[{"href":"https:\/\/www.macroengineit.com\/hr\/wp-json\/wp\/v2\/media?parent=6322"}],"curies":[{"name":"wp","href":"https:\/\/api.w.org\/{rel}","templated":true}]}}